{"id":2213,"date":"2023-10-18T02:35:32","date_gmt":"2023-10-18T00:35:32","guid":{"rendered":"https:\/\/endutrition.com\/?page_id=2213"},"modified":"2025-08-24T17:45:25","modified_gmt":"2025-08-24T15:45:25","slug":"web-store-regulations","status":"publish","type":"page","link":"https:\/\/endutrition.com\/cs\/web-store-regulations\/","title":{"rendered":"WEB Store Regulations"},"content":{"rendered":"<div data-elementor-type=\"wp-page\" data-elementor-id=\"2213\" class=\"elementor elementor-2213\" data-elementor-post-type=\"page\">\n\t\t\t\t\t\t<section class=\"elementor-section elementor-top-section elementor-element elementor-element-953ea2b elementor-section-boxed elementor-section-height-default elementor-section-height-default qodef-elementor-content-no\" data-id=\"953ea2b\" data-element_type=\"section\">\n\t\t\t\t\t\t<div class=\"elementor-container elementor-column-gap-default\">\n\t\t\t\t\t<div class=\"elementor-column elementor-col-50 elementor-top-column elementor-element elementor-element-52c3802\" data-id=\"52c3802\" data-element_type=\"column\">\n\t\t\t<div class=\"elementor-widget-wrap elementor-element-populated\">\n\t\t\t\t\t\t<div class=\"elementor-element elementor-element-aa75ea5 elementor-widget elementor-widget-image\" data-id=\"aa75ea5\" data-element_type=\"widget\" data-widget_type=\"image.default\">\n\t\t\t\t<div class=\"elementor-widget-container\">\n\t\t\t\t\t\t\t\t\t\t\t\t\t\t\t\t<a href=\"\/wp-content\/uploads\/2023\/11\/WEB-Store-Regulations.pdf\" target=\"_blank\">\n\t\t\t\t\t\t\t<img fetchpriority=\"high\" decoding=\"async\" width=\"724\" height=\"1024\" src=\"https:\/\/endutrition.com\/wp-content\/uploads\/2023\/11\/1-724x1024.jpg\" class=\"elementor-animation-grow attachment-large size-large wp-image-2227\" alt=\"1\" srcset=\"https:\/\/endutrition.com\/wp-content\/uploads\/2023\/11\/1-724x1024.jpg 724w, https:\/\/endutrition.com\/wp-content\/uploads\/2023\/11\/1-212x300.jpg 212w, https:\/\/endutrition.com\/wp-content\/uploads\/2023\/11\/1-768x1086.jpg 768w, https:\/\/endutrition.com\/wp-content\/uploads\/2023\/11\/1-1086x1536.jpg 1086w, https:\/\/endutrition.com\/wp-content\/uploads\/2023\/11\/1-8x12.jpg 8w, https:\/\/endutrition.com\/wp-content\/uploads\/2023\/11\/1-600x849.jpg 600w, https:\/\/endutrition.com\/wp-content\/uploads\/2023\/11\/1.jpg 1414w\" sizes=\"(max-width: 724px) 100vw, 724px\" \/>\t\t\t\t\t\t\t\t<\/a>\n\t\t\t\t\t\t\t\t\t\t\t\t\t\t\t<\/div>\n\t\t\t\t<\/div>\n\t\t\t\t<div class=\"elementor-element elementor-element-fbf0580 elementor-widget elementor-widget-heading\" data-id=\"fbf0580\" data-element_type=\"widget\" data-widget_type=\"heading.default\">\n\t\t\t\t<div class=\"elementor-widget-container\">\n\t\t\t\t\t<h4 class=\"elementor-heading-title elementor-size-default\">Click to read the Web store regulations<\/h4>\t\t\t\t<\/div>\n\t\t\t\t<\/div>\n\t\t\t\t\t<\/div>\n\t\t<\/div>\n\t\t\t\t<div class=\"elementor-column elementor-col-50 elementor-top-column elementor-element elementor-element-669d032\" data-id=\"669d032\" data-element_type=\"column\">\n\t\t\t<div class=\"elementor-widget-wrap elementor-element-populated\">\n\t\t\t\t\t\t<div class=\"elementor-element elementor-element-6ec5a3c elementor-widget elementor-widget-image\" data-id=\"6ec5a3c\" data-element_type=\"widget\" data-widget_type=\"image.default\">\n\t\t\t\t<div class=\"elementor-widget-container\">\n\t\t\t\t\t\t\t\t\t\t\t\t\t\t\t\t<a href=\"\/wp-content\/uploads\/2023\/11\/Regulamin-sklepu.pdf\" target=\"_blank\">\n\t\t\t\t\t\t\t<img decoding=\"async\" width=\"724\" height=\"1024\" src=\"https:\/\/endutrition.com\/wp-content\/uploads\/2023\/11\/2-724x1024.jpg\" class=\"elementor-animation-grow attachment-large size-large wp-image-2228\" alt=\"2\" srcset=\"https:\/\/endutrition.com\/wp-content\/uploads\/2023\/11\/2-724x1024.jpg 724w, https:\/\/endutrition.com\/wp-content\/uploads\/2023\/11\/2-212x300.jpg 212w, https:\/\/endutrition.com\/wp-content\/uploads\/2023\/11\/2-768x1086.jpg 768w, https:\/\/endutrition.com\/wp-content\/uploads\/2023\/11\/2-1086x1536.jpg 1086w, https:\/\/endutrition.com\/wp-content\/uploads\/2023\/11\/2-8x12.jpg 8w, https:\/\/endutrition.com\/wp-content\/uploads\/2023\/11\/2-600x849.jpg 600w, https:\/\/endutrition.com\/wp-content\/uploads\/2023\/11\/2.jpg 1414w\" sizes=\"(max-width: 724px) 100vw, 724px\" \/>\t\t\t\t\t\t\t\t<\/a>\n\t\t\t\t\t\t\t\t\t\t\t\t\t\t\t<\/div>\n\t\t\t\t<\/div>\n\t\t\t\t<div class=\"elementor-element elementor-element-2118062 elementor-widget elementor-widget-heading\" data-id=\"2118062\" data-element_type=\"widget\" data-widget_type=\"heading.default\">\n\t\t\t\t<div class=\"elementor-widget-container\">\n\t\t\t\t\t<h4 class=\"elementor-heading-title elementor-size-default\">Kliknij, aby przeczyta\u0107 regulamin sklepu<\/h4>\t\t\t\t<\/div>\n\t\t\t\t<\/div>\n\t\t\t\t\t<\/div>\n\t\t<\/div>\n\t\t\t\t\t<\/div>\n\t\t<\/section>\n\t\t\t\t<section class=\"elementor-section elementor-top-section elementor-element elementor-element-1d41f5f elementor-section-boxed elementor-section-height-default elementor-section-height-default qodef-elementor-content-no\" data-id=\"1d41f5f\" data-element_type=\"section\">\n\t\t\t\t\t\t<div class=\"elementor-container elementor-column-gap-default\">\n\t\t\t\t\t<div class=\"elementor-column elementor-col-50 elementor-top-column elementor-element elementor-element-1c97330\" data-id=\"1c97330\" data-element_type=\"column\">\n\t\t\t<div class=\"elementor-widget-wrap elementor-element-populated\">\n\t\t\t\t\t\t<div class=\"elementor-element elementor-element-77b080e elementor-widget elementor-widget-image\" data-id=\"77b080e\" data-element_type=\"widget\" data-widget_type=\"image.default\">\n\t\t\t\t<div class=\"elementor-widget-container\">\n\t\t\t\t\t\t\t\t\t\t\t\t\t\t\t\t<a href=\"\/wp-content\/uploads\/2023\/11\/Shipping-and-payments-en.pdf\" target=\"_blank\">\n\t\t\t\t\t\t\t<img decoding=\"async\" width=\"724\" height=\"1024\" src=\"https:\/\/endutrition.com\/wp-content\/uploads\/2023\/11\/1-1-724x1024.jpg\" class=\"elementor-animation-grow attachment-large size-large wp-image-2245\" alt=\"1\" srcset=\"https:\/\/endutrition.com\/wp-content\/uploads\/2023\/11\/1-1-724x1024.jpg 724w, https:\/\/endutrition.com\/wp-content\/uploads\/2023\/11\/1-1-212x300.jpg 212w, https:\/\/endutrition.com\/wp-content\/uploads\/2023\/11\/1-1-768x1086.jpg 768w, https:\/\/endutrition.com\/wp-content\/uploads\/2023\/11\/1-1-1086x1536.jpg 1086w, https:\/\/endutrition.com\/wp-content\/uploads\/2023\/11\/1-1-8x12.jpg 8w, https:\/\/endutrition.com\/wp-content\/uploads\/2023\/11\/1-1-600x849.jpg 600w, https:\/\/endutrition.com\/wp-content\/uploads\/2023\/11\/1-1.jpg 1414w\" sizes=\"(max-width: 724px) 100vw, 724px\" \/>\t\t\t\t\t\t\t\t<\/a>\n\t\t\t\t\t\t\t\t\t\t\t\t\t\t\t<\/div>\n\t\t\t\t<\/div>\n\t\t\t\t<div class=\"elementor-element elementor-element-2bf2148 elementor-widget elementor-widget-heading\" data-id=\"2bf2148\" data-element_type=\"widget\" data-widget_type=\"heading.default\">\n\t\t\t\t<div class=\"elementor-widget-container\">\n\t\t\t\t\t<h4 class=\"elementor-heading-title elementor-size-default\">Click to read the shipping &amp; Payments terms<\/h4>\t\t\t\t<\/div>\n\t\t\t\t<\/div>\n\t\t\t\t\t<\/div>\n\t\t<\/div>\n\t\t\t\t<div class=\"elementor-column elementor-col-50 elementor-top-column elementor-element elementor-element-e5adbd7\" data-id=\"e5adbd7\" data-element_type=\"column\">\n\t\t\t<div class=\"elementor-widget-wrap elementor-element-populated\">\n\t\t\t\t\t\t<div class=\"elementor-element elementor-element-1ac8d5a elementor-widget elementor-widget-image\" data-id=\"1ac8d5a\" data-element_type=\"widget\" data-widget_type=\"image.default\">\n\t\t\t\t<div class=\"elementor-widget-container\">\n\t\t\t\t\t\t\t\t\t\t\t\t\t\t\t\t<a href=\"\/wp-content\/uploads\/2023\/11\/Dostawa-i-Platnosc.pdf\" target=\"_blank\">\n\t\t\t\t\t\t\t<img loading=\"lazy\" decoding=\"async\" width=\"724\" height=\"1024\" src=\"https:\/\/endutrition.com\/wp-content\/uploads\/2023\/11\/2-1-724x1024.jpg\" class=\"elementor-animation-grow attachment-large size-large wp-image-2246\" alt=\"2\" srcset=\"https:\/\/endutrition.com\/wp-content\/uploads\/2023\/11\/2-1-724x1024.jpg 724w, https:\/\/endutrition.com\/wp-content\/uploads\/2023\/11\/2-1-212x300.jpg 212w, https:\/\/endutrition.com\/wp-content\/uploads\/2023\/11\/2-1-768x1086.jpg 768w, https:\/\/endutrition.com\/wp-content\/uploads\/2023\/11\/2-1-1086x1536.jpg 1086w, https:\/\/endutrition.com\/wp-content\/uploads\/2023\/11\/2-1-8x12.jpg 8w, https:\/\/endutrition.com\/wp-content\/uploads\/2023\/11\/2-1-600x849.jpg 600w, https:\/\/endutrition.com\/wp-content\/uploads\/2023\/11\/2-1.jpg 1414w\" sizes=\"(max-width: 724px) 100vw, 724px\" \/>\t\t\t\t\t\t\t\t<\/a>\n\t\t\t\t\t\t\t\t\t\t\t\t\t\t\t<\/div>\n\t\t\t\t<\/div>\n\t\t\t\t<div class=\"elementor-element elementor-element-f7c3ca1 elementor-widget elementor-widget-heading\" data-id=\"f7c3ca1\" data-element_type=\"widget\" data-widget_type=\"heading.default\">\n\t\t\t\t<div class=\"elementor-widget-container\">\n\t\t\t\t\t<h4 class=\"elementor-heading-title elementor-size-default\">Kliknij, aby przeczyta\u0107 zasady dostawy i p\u0142atno\u015bci<\/h4>\t\t\t\t<\/div>\n\t\t\t\t<\/div>\n\t\t\t\t\t<\/div>\n\t\t<\/div>\n\t\t\t\t\t<\/div>\n\t\t<\/section>\n\t\t\t\t<\/div>","protected":false},"excerpt":{"rendered":"<p>Click to read the Web store regulations Kliknij, aby przeczyta\u0107 regulamin sklepu Click to read the shipping &amp; Payments terms Kliknij, aby przeczyta\u0107 zasady dostawy i p\u0142atno\u015bci<\/p>","protected":false},"author":1,"featured_media":0,"parent":0,"menu_order":0,"comment_status":"closed","ping_status":"closed","template":"","meta":{"slim_seo":{"title":"WEB Store Regulations - Endutrition","description":"Click to read the Web store regulations Kliknij, aby przeczyta\u0107 regulamin sklepu Click to read the shipping &amp; Payments terms Kliknij, aby przeczyta\u0107 zasady"},"footnotes":""},"class_list":["post-2213","page","type-page","status-publish","hentry"],"_links":{"self":[{"href":"https:\/\/endutrition.com\/cs\/wp-json\/wp\/v2\/pages\/2213","targetHints":{"allow":["GET"]}}],"collection":[{"href":"https:\/\/endutrition.com\/cs\/wp-json\/wp\/v2\/pages"}],"about":[{"href":"https:\/\/endutrition.com\/cs\/wp-json\/wp\/v2\/types\/page"}],"author":[{"embeddable":true,"href":"https:\/\/endutrition.com\/cs\/wp-json\/wp\/v2\/users\/1"}],"replies":[{"embeddable":true,"href":"https:\/\/endutrition.com\/cs\/wp-json\/wp\/v2\/comments?post=2213"}],"version-history":[{"count":23,"href":"https:\/\/endutrition.com\/cs\/wp-json\/wp\/v2\/pages\/2213\/revisions"}],"predecessor-version":[{"id":2307,"href":"https:\/\/endutrition.com\/cs\/wp-json\/wp\/v2\/pages\/2213\/revisions\/2307"}],"wp:attachment":[{"href":"https:\/\/endutrition.com\/cs\/wp-json\/wp\/v2\/media?parent=2213"}],"curies":[{"name":"wp","href":"https:\/\/api.w.org\/{rel}","templated":true}]}}