{"id":2219,"date":"2023-10-18T02:39:39","date_gmt":"2023-10-18T00:39:39","guid":{"rendered":"https:\/\/endutrition.com\/?page_id=2219"},"modified":"2023-11-04T03:19:37","modified_gmt":"2023-11-04T02:19:37","slug":"privacy-policy","status":"publish","type":"page","link":"https:\/\/endutrition.com\/cs\/privacy-policy\/","title":{"rendered":"Z\u00e1sady ochrany osobn\u00edch \u00fadaj\u016f"},"content":{"rendered":"<p><\/p>\n\n\n\n<div class=\"wp-block-buttons is-layout-flex wp-block-buttons-is-layout-flex\">\n<div class=\"wp-block-button\"><a class=\"wp-block-button__link wp-element-button\" href=\"\/wp-content\/uploads\/2023\/11\/COMPLAINT-FORM-PL-ENG-CZ.pdf\">REKLAMA\u010cN\u00cd FORMUL\u00c1\u0158<\/a><\/div>\n\n\n\n<div class=\"wp-block-button\"><a class=\"wp-block-button__link wp-element-button\" href=\"\/wp-content\/uploads\/2023\/11\/INFORMATION-REGARDING-THE-EXERCISE-OF-THE-RIGHT-TO-WITHDRAW-FROM-THE-CONTRACT-PL-EN-CZ.pdf\">INFORMACE O UPLATN\u011aN\u00cd PR\u00c1VA NA ODSTOUPEN\u00cd OD SMLOUVY<\/a><\/div>\n\n\n\n<div class=\"wp-block-button\"><a class=\"wp-block-button__link wp-element-button\" href=\"\/wp-content\/uploads\/2023\/11\/Withdrawal-form-PL-EN-CZ.pdf\">FORMUL\u00c1\u0158 ODSTOUPEN\u00cd OD SMLOUVY<\/a><\/div>\n<\/div>\n\n\n\n<div style=\"height:69px\" aria-hidden=\"true\" class=\"wp-block-spacer\"><\/div>\n\n\n\n<p>Ve spole\u010dnosti SPACS_by_endutrition maxim\u00e1ln\u011b respektujeme va\u0161i touhu chr\u00e1nit osobn\u00ed \u00fadaje online. Jsme si v\u011bdomi pot\u0159eby vhodn\u00e9 ochrany a odpov\u011bdn\u00e9ho zach\u00e1zen\u00ed se v\u0161emi osobn\u00edmi \u00fadaji, kter\u00e9 obdr\u017e\u00edme. S osobn\u00edmi \u00fadaji nakl\u00e1d\u00e1me v souladu s aktu\u00e1ln\u00edmi z\u00e1kony.<\/p>\n\n\n\n<p>&nbsp;Pokud pova\u017eujete na\u0161e z\u00e1sady ochrany osobn\u00edch \u00fadaj\u016f za nep\u0159ijateln\u00e9, \u017e\u00e1d\u00e1me v\u00e1s, abyste tyto webov\u00e9 str\u00e1nky nepou\u017e\u00edvali.<\/p>\n\n\n\n<p><strong>CO REGISTRUJEME A PRO\u010c?<\/strong><\/p>\n\n\n\n<p>Pro n\u00e1kup u n\u00e1s pot\u0159ebujeme n\u00e1sleduj\u00edc\u00ed \u00fadaje: Jm\u00e9no, adresu, telefonn\u00ed \u010d\u00edslo a e-mailovou adresu. Va\u0161e osobn\u00ed \u00fadaje registrujeme, abychom v\u00e1m mohli zaslat va\u0161e polo\u017eky. V\u0161echny osobn\u00ed \u00fadaje jsou registrov\u00e1ny SPACS_by_endutrition a uchov\u00e1v\u00e1ny po dobu p\u011bti let,&nbsp;<\/p>\n\n\n\n<p>pot\u00e9 jsou informace vymaz\u00e1ny. Kdy\u017e jsou osobn\u00ed \u00fadaje shroma\u017e\u010fov\u00e1ny prost\u0159ednictv\u00edm na\u0161ich webov\u00fdch str\u00e1nek, zaji\u0161\u0165ujeme, aby k tomu v\u017edy do\u0161lo s va\u0161\u00edm v\u00fdslovn\u00fdm souhlasem, a zajist\u00edme, \u017ee budete p\u0159esn\u011b informov\u00e1ni o tom, jak\u00e9 informace shroma\u017e\u010fujeme a pro\u010d.<\/p>\n\n\n\n<p><strong>KOMU POSKYTUJEME P\u0158\u00cdSTUP K OSOBN\u00cdM \u00daDAJ\u016eM?<\/strong><\/p>\n\n\n\n<p>Zam\u011bstnanci spole\u010dnosti maj\u00ed p\u0159\u00edstup k osobn\u00edm \u00fadaj\u016fm shrom\u00e1\u017ed\u011bn\u00fdm prost\u0159ednictv\u00edm SPACS_by_endutrition. Krom\u011b toho mohou ur\u010dit\u00e9 pov\u011b\u0159en\u00e9 t\u0159et\u00ed strany pou\u017e\u00edt va\u0161e osobn\u00ed \u00fadaje k dod\u00e1n\u00ed zbo\u017e\u00ed nebo slu\u017eeb, kter\u00e9 jste si objednali.&nbsp;<\/p>\n\n\n\n<p>Tyto osoby podepsaly smlouvu o ml\u010denlivosti a nemaj\u00ed pr\u00e1vo pou\u017e\u00edvat osobn\u00ed \u00fadaje pro jin\u00e9 \u00fa\u010dely. Informace poskytnut\u00e9 SPACS_by_endutrition nebudou nikdy p\u0159ed\u00e1ny ani prod\u00e1ny t\u0159et\u00edm stran\u00e1m a nikdy neregistrujeme citliv\u00e9 informace.&nbsp;<\/p>\n\n\n\n<p>P\u0159i p\u0159ihl\u00e1\u0161en\u00ed k odb\u011bru newsletteru uchov\u00e1v\u00e1me va\u0161i e-mailovou adresu. Va\u0161e e-mailov\u00e1 adresa nebude p\u0159ed\u00e1na dal\u0161\u00edm osob\u00e1m. R\u00e1di v\u00e1s budeme informovat o tom, jak\u00e9 informace o v\u00e1s m\u00e1me ulo\u017eeny. Pokud si p\u0159ejete obdr\u017eet kopii t\u011bchto informac\u00ed, po\u0161lete n\u00e1m e-mail na adresu endutrition@gmail.com. <a href=\"mailto:endutrition@gmail.com\">endutrition@gmail.com<\/a>&nbsp;&nbsp;<\/p>\n\n\n\n<p>To m\u016f\u017ee znamenat men\u0161\u00ed administrativn\u00ed poplatek na pokryt\u00ed n\u00e1klad\u016f na zasl\u00e1n\u00ed uchov\u00e1van\u00fdch informac\u00ed. Nespr\u00e1vn\u00e9 informace lze smazat nebo zm\u011bnit.<\/p>\n\n\n\n<p><strong>COOKIES<\/strong><\/p>\n\n\n\n<p>Cookie je mal\u00fd datov\u00fd soubor, kter\u00fd ukl\u00e1d\u00e1me do va\u0161eho po\u010d\u00edta\u010de, abychom jej mohli sledovat, kdy\u017e nav\u0161t\u011bvujete na\u0161i webovou str\u00e1nku, a abychom mohli rozpoznat v\u00e1\u0161 po\u010d\u00edta\u010d. Soubory cookie jsou nezbytn\u00e9 k tomu, aby webov\u00e9 str\u00e1nky fungovaly a pomohly n\u00e1m z\u00edskat p\u0159ehled o va\u0161\u00ed n\u00e1v\u0161t\u011bv\u011b&nbsp;<\/p>\n\n\n\n<p>webu, co\u017e n\u00e1m umo\u017e\u0148uje web neust\u00e1le optimalizovat a p\u0159izp\u016fsobovat va\u0161im pot\u0159eb\u00e1m a z\u00e1jm\u016fm. Soubory cookie si nap\u0159\u00edklad pamatuj\u00ed, co jste vlo\u017eili do ko\u0161\u00edku p\u0159i p\u0159edchoz\u00edch n\u00e1v\u0161t\u011bv\u00e1ch, pokud jste p\u0159ihl\u00e1\u0161eni, a jak\u00fd jazyk a m\u011bnu na na\u0161em webu preferujete. Krom\u011b toho n\u00e1m soubory cookie pom\u00e1haj\u00ed m\u011b\u0159it n\u00e1v\u0161t\u011bvnost webov\u00fdch str\u00e1nek a umo\u017e\u0148uj\u00ed n\u00e1m zjistit, kolik&nbsp;<\/p>\n\n\n\n<p>lid\u00ed nav\u0161t\u00edv\u00ed na\u0161e webov\u00e9 str\u00e1nky, abychom to mohli dokumentovat stran\u00e1m, kter\u00e9 u n\u00e1s inzeruj\u00ed. Soubory cookie tak\u00e9 pou\u017e\u00edv\u00e1me k c\u00edlen\u00ed reklam, abychom v\u00e1m mohli zobrazovat reklamy, kter\u00e9 pova\u017eujeme za nejrelevantn\u011bj\u0161\u00ed.<\/p>\n\n\n\n<p>S p\u0159\u00e1telsk\u00fdm pozdravem<\/p>\n\n\n\n<p>&nbsp; SPACS_by_endutrition&nbsp; TEAM&nbsp;<\/p>\n\n\n\n<div style=\"height:69px\" aria-hidden=\"true\" class=\"wp-block-spacer\"><\/div>","protected":false},"excerpt":{"rendered":"<p>At SPACS_by_endutrition we have the utmost respect for your desire to protect personal data online. We are aware of the need for suitable protection and responsible handling of all personal data we receive. We handle personal information in accordance with the current laws. &nbsp;If you find our privacy policies unacceptable, we ask you not to [&hellip;]<\/p>","protected":false},"author":1,"featured_media":0,"parent":0,"menu_order":0,"comment_status":"closed","ping_status":"closed","template":"","meta":{"slim_seo":{"title":"Privacy policy - Endutrition","description":"At SPACS_by_endutrition we have the utmost respect for your desire to protect personal data online. We are aware of the need for suitable protection and respons"},"footnotes":""},"class_list":["post-2219","page","type-page","status-publish","hentry"],"_links":{"self":[{"href":"https:\/\/endutrition.com\/cs\/wp-json\/wp\/v2\/pages\/2219","targetHints":{"allow":["GET"]}}],"collection":[{"href":"https:\/\/endutrition.com\/cs\/wp-json\/wp\/v2\/pages"}],"about":[{"href":"https:\/\/endutrition.com\/cs\/wp-json\/wp\/v2\/types\/page"}],"author":[{"embeddable":true,"href":"https:\/\/endutrition.com\/cs\/wp-json\/wp\/v2\/users\/1"}],"replies":[{"embeddable":true,"href":"https:\/\/endutrition.com\/cs\/wp-json\/wp\/v2\/comments?post=2219"}],"version-history":[{"count":6,"href":"https:\/\/endutrition.com\/cs\/wp-json\/wp\/v2\/pages\/2219\/revisions"}],"predecessor-version":[{"id":2265,"href":"https:\/\/endutrition.com\/cs\/wp-json\/wp\/v2\/pages\/2219\/revisions\/2265"}],"wp:attachment":[{"href":"https:\/\/endutrition.com\/cs\/wp-json\/wp\/v2\/media?parent=2219"}],"curies":[{"name":"wp","href":"https:\/\/api.w.org\/{rel}","templated":true}]}}