{"id":393,"date":"2020-10-13T11:31:41","date_gmt":"2020-10-13T11:31:41","guid":{"rendered":"https:\/\/theq17.qodeinteractive.com\/?page_id=393"},"modified":"2020-10-13T11:31:41","modified_gmt":"2020-10-13T11:31:41","slug":"cart-2","status":"publish","type":"page","link":"https:\/\/endutrition.com\/cs\/cart-2\/","title":{"rendered":"Ko\u0161\u00edk"},"content":{"rendered":"<div data-elementor-type=\"wp-page\" data-elementor-id=\"393\" class=\"elementor elementor-393\" data-elementor-post-type=\"page\">\n\t\t\t\t\t\t<section class=\"elementor-section elementor-top-section elementor-element elementor-element-0f5c5b9 qodef-elementor-content-grid elementor-section-boxed elementor-section-height-default elementor-section-height-default\" data-id=\"0f5c5b9\" data-element_type=\"section\">\n\t\t\t\t\t\t<div class=\"elementor-container elementor-column-gap-default\">\n\t\t\t\t\t<div class=\"elementor-column elementor-col-100 elementor-top-column elementor-element elementor-element-951793b\" data-id=\"951793b\" data-element_type=\"column\">\n\t\t\t<div class=\"elementor-widget-wrap elementor-element-populated\">\n\t\t\t\t\t\t<div class=\"elementor-element elementor-element-ae06b26 elementor-widget elementor-widget-shortcode\" data-id=\"ae06b26\" data-element_type=\"widget\" data-widget_type=\"shortcode.default\">\n\t\t\t\t<div class=\"elementor-widget-container\">\n\t\t\t\t\t\t\t<div class=\"elementor-shortcode\"><div class=\"woocommerce\"><div class=\"woocommerce-notices-wrapper\"><\/div><div class=\"wc-empty-cart-message\">\n\t<div class=\"cart-empty woocommerce-info\">\n\t\tV\u00e1\u0161 ko\u0161\u00edk je pr\u00e1zdn\u00fd.\t<\/div>\n<\/div>\t<p class=\"return-to-shop\">\n\t\t<a class=\"button wc-backward\" href=\"https:\/\/endutrition.com\/cs\/sklep\/\">\n\t\t\tZp\u011bt do obchodu\t\t<\/a>\n\t<\/p>\n<\/div><\/div>\n\t\t\t\t\t\t<\/div>\n\t\t\t\t<\/div>\n\t\t\t\t\t<\/div>\n\t\t<\/div>\n\t\t\t\t\t<\/div>\n\t\t<\/section>\n\t\t\t\t<\/div>","protected":false},"excerpt":{"rendered":"","protected":false},"author":1,"featured_media":0,"parent":0,"menu_order":0,"comment_status":"closed","ping_status":"closed","template":"the-q-full-width.php","meta":{"slim_seo":{"title":"Cart - Endutrition","description":""},"footnotes":""},"class_list":["post-393","page","type-page","status-publish","hentry"],"_links":{"self":[{"href":"https:\/\/endutrition.com\/cs\/wp-json\/wp\/v2\/pages\/393","targetHints":{"allow":["GET"]}}],"collection":[{"href":"https:\/\/endutrition.com\/cs\/wp-json\/wp\/v2\/pages"}],"about":[{"href":"https:\/\/endutrition.com\/cs\/wp-json\/wp\/v2\/types\/page"}],"author":[{"embeddable":true,"href":"https:\/\/endutrition.com\/cs\/wp-json\/wp\/v2\/users\/1"}],"replies":[{"embeddable":true,"href":"https:\/\/endutrition.com\/cs\/wp-json\/wp\/v2\/comments?post=393"}],"version-history":[{"count":0,"href":"https:\/\/endutrition.com\/cs\/wp-json\/wp\/v2\/pages\/393\/revisions"}],"wp:attachment":[{"href":"https:\/\/endutrition.com\/cs\/wp-json\/wp\/v2\/media?parent=393"}],"curies":[{"name":"wp","href":"https:\/\/api.w.org\/{rel}","templated":true}]}}