{"id":1437,"date":"2025-07-05T21:30:06","date_gmt":"2025-07-05T19:30:06","guid":{"rendered":"https:\/\/endutrition.com\/?post_type=product&#038;p=1437"},"modified":"2025-08-31T15:28:56","modified_gmt":"2025-08-31T13:28:56","slug":"core-body-temperature-sensor","status":"publish","type":"product","link":"https:\/\/endutrition.com\/cs\/produkt\/core-body-temperature-sensor\/","title":{"rendered":"CORE Body Temperature Sensor"},"content":{"rendered":"<p><b>Core Body Temperature monitor (senzor teploty t\u011bla ) je neinvazivn\u00ed senzor vnit\u0159n\u00ed teploty t\u011bla (teplota j\u00e1dra t\u011bla, t\u011blesn\u00fdch org\u00e1n\u016f a krevn\u00edho ob\u011bhu). Nepostradateln\u00e1 pom\u016fcka pro bezpe\u010dn\u00e9 sportov\u00e1n\u00ed v klimaticky obt\u00ed\u017en\u00fdch podm\u00ednk\u00e1ch. P\u0159edch\u00e1z\u00ed fat\u00e1ln\u00edm d\u016fsledk\u016fm p\u0159eh\u0159\u00e1t\u00ed organismu, umo\u017e\u0148uje optim\u00e1ln\u00ed tr\u00e9ninkovou, z\u00e1vodn\u00ed \u010di aklimatiza\u010dn\u00ed strategii i teplotn\u011b stimula\u010dn\u00ed tr\u00e9nink pro rozvoj krevn\u00edho plasmatu.<br><br><\/b><\/p>\n<p><b><i>Jsme u\u017eivateli a praktiky v pou\u017e\u00edv\u00e1n\u00ed elektrostimulace a n\u00e1stroje CBT.\u00a0<\/i><\/b><\/p>\n<p><b><i>Nev\u00e1hejte n\u00e1s proto kontaktovat, abychom v\u00e1s sezn\u00e1mili s jeho p\u0159ednostmi, abyste pln\u011b vyu\u017eili jeho mo\u017enost\u00ed a mohli si jeho pou\u017e\u00edv\u00e1n\u00ed u\u017e\u00edt.<br><br><\/i><\/b><\/p>\n<p><b>Jak pou\u017e\u00edvat \u00fadaje o teplot\u011b CORE pro tr\u00e9nink a z\u00e1vody ? <br><br><\/b><\/p>\n<p><b>Kdy\u017e se zah\u0159ejete, v\u00e1\u0161 v\u00fdkon kles\u00e1 !\u00a0<\/b><\/p>\n<p><span style=\"font-weight: 400;\">\u010c\u00edm v\u00edce v\u00edte o sv\u00e9m individu\u00e1ln\u00edm chov\u00e1n\u00ed t\u011blesn\u00e9 teploty, t\u00edm l\u00e9pe m\u016f\u017eete tr\u00e9novat a z\u00e1vodit. Sn\u00edma\u010d CORE v\u00e1s zbav\u00ed dohad\u016f, tak\u017ee v\u00e1\u0161 tr\u00e9nink a z\u00e1vody budou l\u00e9pe p\u0159izp\u016fsobeny va\u0161im pot\u0159eb\u00e1m a budou efektivn\u011bj\u0161\u00ed.<\/span><\/p>\n<p class=\"translation-block\">For sports and athletic activity, it is recommended to pair the CORE sensor with a heart rate monitor as it helps deliver greater temperature accuracy during sports and high intensity activity.<\/p>\n<p><span style=\"font-weight: 400;\">Pro dosa\u017een\u00ed nejlep\u0161\u00edch v\u00fdsledk\u016f by m\u011bl b\u00fdt senzor CORE um\u00edst\u011bn na boku trupu. Pro pohodl\u00ed p\u0159i sportovn\u00ed aktivit\u011b je nejvhodn\u011bj\u0161\u00ed p\u0159ipnout jej k hrudn\u00edmu p\u00e1su nebo sportovn\u00ed podprsence.<\/span><\/p>\n<p><span style=\"font-weight: 400;\">Pro ka\u017edodenn\u00ed aktivity a b\u011bhem sp\u00e1nku lze pou\u017e\u00edt l\u00e9ka\u0159sk\u00e9 n\u00e1plasti a lze je tak\u00e9 p\u0159ipnout na podprsenku.<\/span><\/p>\n<p><span style=\"font-weight: 400;\">A\u010dkoli lze sn\u00edma\u010d CORE nosit na pa\u017ei pomoc\u00ed p\u00e1sku, p\u0159esnost bude ni\u017e\u0161\u00ed ne\u017e p\u0159i um\u00edst\u011bn\u00ed na trupu, jak je doporu\u010deno.<\/span><\/p>\n<p><span style=\"font-weight: 400;\">Senzor CORE je vybaven inovativn\u00edm sn\u00edma\u010dem p\u0159enosu tepeln\u00e9 energie a vyu\u017e\u00edv\u00e1 v\u00fdkon algoritmu um\u011bl\u00e9 inteligence vytvo\u0159en\u00e9ho na z\u00e1klad\u011b v\u00edce ne\u017e miliardy datov\u00fdch bod\u016f. V\u00fdkon strojov\u00e9ho u\u010den\u00ed znamen\u00e1, \u017ee senzor CORE lze neust\u00e1le optimalizovat.<br><br><\/span><\/p>\n<p><b>Jak senzor CORE funguje ?<\/b><\/p>\n<p><span style=\"font-weight: 400;\">Zat\u00edmco jin\u00e9 typy nositeln\u00fdch teplom\u011br\u016f pouze zaznamen\u00e1vaj\u00ed teplotu k\u016f\u017ee, senzor CORE obsahuje mal\u00fd \"senzor p\u0159enosu tepeln\u00e9 energie\", kter\u00fd detekuje teplo vych\u00e1zej\u00edc\u00ed z t\u011bla nebo do n\u011bj vstupuj\u00edc\u00ed. To je zpracov\u00e1no vestav\u011bn\u00fdm algoritmem, kter\u00fd vypo\u010d\u00edt\u00e1 teplotu t\u011blesn\u00e9ho j\u00e1dra v re\u00e1ln\u00e9m \u010dase. <br><br><\/span><\/p>\n<p><b>Jak efektivn\u011b vyu\u017e\u00edvat data z CORE senzor\u016f naleznete n\u00ed\u017ee:<\/b><\/p>\n<p><a href=\"https:\/\/corebodytemp.com\/pages\/how-to-use-core-temperature-data-for-training-and-racing\"><span style=\"font-weight: 400;\">https:\/\/corebodytemp.com\/pages\/how-to-use-core-temperature-data-for-training-and-racing<\/span><\/a><\/p>\n<p><span style=\"font-weight: 400;\">Data ze sn\u00edma\u010de CORE se stahuj\u00ed do specializovan\u00fdch aplikac\u00ed dostupn\u00fdch v popul\u00e1rn\u00edch chytr\u00fdch telefonech s opera\u010dn\u00edmi syst\u00e9my iOS a Android a tak\u00e9 do aplikac\u00ed dostupn\u00fdch pro n\u011bkter\u00e9 chytr\u00e9 hodinky od spole\u010dnost\u00ed Garmin, Wahoo, Apple nebo s opera\u010dn\u00edm syst\u00e9mem Wear OS. Pro sportovn\u00ed hodinky Garmin se pou\u017e\u00edv\u00e1 aplikace Garmin ConnectIQ. Sn\u00edma\u010d CORE bez probl\u00e9m\u016f spolupracuje s po\u010d\u00edta\u010di a hodinkami Wahoo Fitness a tak\u00e9 s hodinkami COROS. <br><br><\/span><\/p>\n<p><span style=\"font-weight: 400;\">M\u011b\u0159en\u00ed CBT je k dispozici pro anal\u00fdzu v aplikaci TREININGPEAKS.<br><br><\/span><\/p>\n<p><span style=\"font-weight: 400;\"><b>Senzory CORE ofici\u00e1ln\u011b pou\u017e\u00edvaj\u00ed mimo jin\u00e9 t\u00fdmy PRO Tour:<\/b><\/span><\/p>\n<p><span style=\"font-weight: 400;\">\u00a0\u00a0\u00a0\u00a0 BORA-Hansgrohe<\/span><\/p>\n<p><span style=\"font-weight: 400;\">\u00a0\u00a0\u00a0\u00a0 Quick-Step Alpha Vinyl<\/span><\/p>\n<p><span style=\"font-weight: 400;\">\u00a0\u00a0\u00a0\u00a0 TeamMovistar Team<\/span><\/p>\n<p><span style=\"font-weight: 400;\">\u00a0\u00a0\u00a0\u00a0 Trek &#8211; Segafredo<\/span><\/p>\n<p><span style=\"font-weight: 400;\">\u00a0\u00a0\u00a0\u00a0 Lotto Soudal<\/span><\/p>\n<p><span style=\"font-weight: 400;\">\u00a0\u00a0\u00a0\u00a0 INEOS Grenadiers<\/span><\/p>\n<p><span style=\"font-weight: 400;\">\u00a0\u00a0\u00a0\u00a0 Astana Qazaqstan Team<\/span><\/p>\n<p><span style=\"font-weight: 400;\">\u00a0\u00a0\u00a0\u00a0 Roland Cogeas Edelweiss Squad<\/span><\/p>\n<p><span style=\"font-weight: 400;\">\u00a0\u00a0\u00a0\u00a0 Ceratizit-WNT Pro Cycling<\/span><\/p>\n<p><span style=\"font-weight: 400;\">\u00a0\u00a0\u00a0\u00a0 CANYON\/\/SRAM Racing <br><br><\/span><\/p>\n<p><span style=\"font-weight: 400;\"><b>Triatlonov\u00ed sportovci:<\/b><\/span><\/p>\n<p><span style=\"font-weight: 400;\">\u00a0\u00a0\u00a0\u00a0 Kristian Blummenfelt<\/span><\/p>\n<p><span style=\"font-weight: 400;\">\u00a0\u00a0\u00a0\u00a0 Gustav Iden<\/span><\/p>\n<p><span style=\"font-weight: 400;\">\u00a0\u00a0\u00a0\u00a0 Alistair Brownlee<\/span><\/p>\n<p><span style=\"font-weight: 400;\">\u00a0\u00a0\u00a0 <br><br><\/span><\/p>\n<p><span style=\"font-weight: 400;\">Jsme zku\u0161en\u00fdmi u\u017eivateli CBT. Pokud m\u00e1te n\u011bjak\u00e9 konkr\u00e9tn\u00ed ot\u00e1zky nebo cokoli konkr\u00e9tn\u00edho, co byste cht\u011bli v\u011bd\u011bt nebo diskutovat o senzore teploty t\u011bla, nev\u00e1hejte se n\u00e1s zeptat a my v\u00e1m r\u00e1di poskytneme jak\u00e9koli rady nebo informace, kter\u00e9 budete pot\u0159ebovat.<\/span><\/p>\n<p><span style=\"font-weight: 400;\">kontaktujte pros\u00edm:\u00a0<\/span><\/p>\n<p><a href=\"mailto:endutrition@gmail.com\"><span style=\"font-weight: 400;\">endutrition@gmail.com<\/span><\/a><span style=\"font-weight: 400;\"> , <\/span><a href=\"mailto:legalsport@o2.pl\"><span style=\"font-weight: 400;\">legalsport@o2.pl<\/span><\/a><span style=\"font-weight: 400;\">\u00a0<\/span><\/p>\n<p><span style=\"font-weight: 400;\">Mobil: +48 600 271 424<\/span><\/p>","protected":false},"excerpt":{"rendered":"<p><b>Core Body Temperature monitor (senzor teploty t\u011bla ) je neinvazivn\u00ed senzor vnit\u0159n\u00ed teploty t\u011bla (teplota j\u00e1dra t\u011bla, t\u011blesn\u00fdch org\u00e1n\u016f a krevn\u00edho ob\u011bhu). Nepostradateln\u00e1 pom\u016fcka pro bezpe\u010dn\u00e9 sportov\u00e1n\u00ed v klimaticky obt\u00ed\u017en\u00fdch podm\u00ednk\u00e1ch. P\u0159edch\u00e1z\u00ed fat\u00e1ln\u00edm d\u016fsledk\u016fm p\u0159eh\u0159\u00e1t\u00ed organismu, umo\u017e\u0148uje optim\u00e1ln\u00ed tr\u00e9ninkovou, z\u00e1vodn\u00ed \u010di aklimatiza\u010dn\u00ed strategii i teplotn\u011b stimula\u010dn\u00ed tr\u00e9nink pro rozvoj krevn\u00edho plasmatu.<br><br><\/b><\/p>","protected":false},"featured_media":2448,"comment_status":"open","ping_status":"closed","template":"","meta":{"slim_seo":{"title":"CORE Body Temperature Sensor - Endutrition","description":"The CORE Body Temperature Sensor is an easy-to-use, wearable device with Swiss-Made sensor technology that can monitor and deliver real-time, accurate core body"}},"product_brand":[],"product_cat":[48],"product_tag":[],"class_list":{"0":"post-1437","1":"product","2":"type-product","3":"status-publish","4":"has-post-thumbnail","6":"product_cat-sport-and-physiology-devices","8":"first","9":"instock","10":"shipping-taxable","11":"purchasable","12":"product-type-simple"},"_links":{"self":[{"href":"https:\/\/endutrition.com\/cs\/wp-json\/wp\/v2\/product\/1437","targetHints":{"allow":["GET"]}}],"collection":[{"href":"https:\/\/endutrition.com\/cs\/wp-json\/wp\/v2\/product"}],"about":[{"href":"https:\/\/endutrition.com\/cs\/wp-json\/wp\/v2\/types\/product"}],"replies":[{"embeddable":true,"href":"https:\/\/endutrition.com\/cs\/wp-json\/wp\/v2\/comments?post=1437"}],"wp:featuredmedia":[{"embeddable":true,"href":"https:\/\/endutrition.com\/cs\/wp-json\/wp\/v2\/media\/2448"}],"wp:attachment":[{"href":"https:\/\/endutrition.com\/cs\/wp-json\/wp\/v2\/media?parent=1437"}],"wp:term":[{"taxonomy":"product_brand","embeddable":true,"href":"https:\/\/endutrition.com\/cs\/wp-json\/wp\/v2\/product_brand?post=1437"},{"taxonomy":"product_cat","embeddable":true,"href":"https:\/\/endutrition.com\/cs\/wp-json\/wp\/v2\/product_cat?post=1437"},{"taxonomy":"product_tag","embeddable":true,"href":"https:\/\/endutrition.com\/cs\/wp-json\/wp\/v2\/product_tag?post=1437"}],"curies":[{"name":"wp","href":"https:\/\/api.w.org\/{rel}","templated":true}]}}