{"id":1456,"date":"2025-08-24T19:02:57","date_gmt":"2025-08-24T17:02:57","guid":{"rendered":"https:\/\/endutrition.com\/?post_type=product&#038;p=1456"},"modified":"2025-09-09T01:31:04","modified_gmt":"2025-09-08T23:31:04","slug":"vo2-master","status":"publish","type":"product","link":"https:\/\/endutrition.com\/cs\/produkt\/vo2-master\/","title":{"rendered":"VO2 Master"},"content":{"rendered":"<p><span style=\"font-weight: 400;\">VO2 Master je nejmobiln\u011bj\u0161\u00ed, nejv\u00edce cenov\u011b dostupn\u00fd a nejsnadn\u011bji pou\u017eiteln\u00fd analyz\u00e1tor VO2 na sv\u011bt\u011b. Bezplatn\u00e1 mobiln\u00ed aplikace umo\u017e\u0148uje sb\u011br dat prost\u0159ednictv\u00edm Bluetooth a snadn\u00e9 sd\u00edlen\u00ed e-mailem pro n\u00e1slednou anal\u00fdzu.<\/span><\/p>\n<p>&nbsp;<\/p>\n<p><span style=\"font-weight: 400;\">V\u011bt\u0161ina vytrvalostn\u00edch sportovc\u016f pot\u0159ebuje str\u00e1vit 70\u201380 % sv\u00e9ho tr\u00e9ninku ve sv\u00e9 aerobn\u00ed z\u00f3n\u011b, co\u017e je intenzita, kter\u00e1 umo\u017e\u0148uje kardiovaskul\u00e1rn\u00edmu a d\u00fdchac\u00edmu syst\u00e9mu dod\u00e1vat sval\u016fm dostatek kysl\u00edku (O2), aby mohly efektivn\u011b pracovat.<\/span><\/p>\n<p>&nbsp;<\/p>\n<p><span style=\"font-weight: 400;\">Nejzn\u00e1m\u011bj\u0161\u00ed metodou pro ur\u010den\u00ed individu\u00e1ln\u00edch tr\u00e9ninkov\u00fdch z\u00f3n je stanoven\u00ed VO2max sportovce a v\u00fdpo\u010det z\u00f3n intenzity na z\u00e1klad\u011b VO2max. Tr\u00e9ninkov\u00e9 z\u00f3ny mohou b\u00fdt reprezentov\u00e1ny jako procento maxim\u00e1ln\u00ed spot\u0159eby kysl\u00edku (VO2max) nebo jako procento pracovn\u00ed z\u00e1t\u011b\u017ee dosa\u017een\u00e9 p\u0159i VO2Max.\u00a0<\/span><\/p>\n<p>&nbsp;<\/p>\n<p><span style=\"font-weight: 400;\">VO2 Max se ur\u010duje sledov\u00e1n\u00edm va\u0161\u00ed tepov\u00e9 frekvence a spot\u0159eby kysl\u00edku b\u011bhem postupn\u00e9ho krokov\u00e9ho testu a\u017e do vy\u010derp\u00e1n\u00ed. V nejjednodu\u0161\u0161\u00edch verz\u00edch testov\u00e1n\u00ed to lze prov\u00e1d\u011bt na b\u011b\u017eeck\u00e9m p\u00e1su nebo cyklotrena\u017e\u00e9ru. Ze sv\u00e9ho VO2max pak m\u016f\u017eete matematicky ur\u010dit sv\u00e9 tr\u00e9ninkov\u00e9 z\u00f3ny nebo pou\u017e\u00edt sv\u00e1 data VO2 k ur\u010den\u00ed z\u00f3n tepov\u00e9 frekvence s mnohem v\u011bt\u0161\u00ed p\u0159esnost\u00ed.<\/span><\/p>\n<p>&nbsp;<\/p>\n<p><span style=\"font-weight: 400;\">Krom\u011b toho mohou respira\u010dn\u00ed data shrom\u00e1\u017ed\u011bn\u00e1 p\u0159\u00edstrojem VO2 Master Pro poskytnout je\u0161t\u011b v\u00edce podrobnost\u00ed, kter\u00e9 pomohou identifikovat r\u016fzn\u00e9 oblasti, kde je p\u0159i specifick\u00e9 intenzit\u011b tr\u00e9ninku postor pro dal\u0161\u00ed zlep\u0161en\u00ed.<\/span><\/p>\n<p>&nbsp;<\/p>\n<p><span style=\"font-weight: 400;\">VO2master = Automatick\u00e9 hl\u00e1\u0161en\u00ed v\u00fdsledk\u016f metabolick\u00fdch a v\u00fdkonnostn\u00edch test\u016f.<\/span><\/p>\n<p>&nbsp;<\/p>\n<p><span style=\"font-weight: 400;\">VO2 Mater v\u00e1m poskytne bezplatn\u00e9 a okam\u017eit\u00e9 zpr\u00e1vy o v\u00fdkonu, kter\u00e9 poskytuj\u00ed z\u00e1kladn\u00ed metriky tr\u00e9ninkov\u00fdch z\u00f3n, VO2max, srde\u010dn\u00ed frekvenci a hodnoty RMR a mnoho dal\u0161\u00edch metrik pou\u017e\u00edvan\u00fdch p\u0159i optimalizaci tr\u00e9ninku, jako jsou VT1 \/ FATmax, VT2\/ AT.\u00a0<\/span><\/p>\n<p>&nbsp;<\/p>\n<p><strong>Kristian Blummenfelt o VO2 Master<\/strong><\/p>\n<p><iframe title=\"YouTube video player\" src=\"https:\/\/www.youtube.com\/embed\/thhgNMoIr6E?si=FTW40nZfbhrIwq2K\" width=\"560\" height=\"315\" frameborder=\"0\" allowfullscreen=\"allowfullscreen\"><\/iframe><\/p>\n<p>&nbsp;<\/p>\n<p><span style=\"font-weight: 400;\">Efektivn\u00ed a snadn\u00fd sb\u011br dat poskytuje lep\u0161\u00ed pochopen\u00ed anal\u00fdzy v\u00fdkonnosti a metabolismu a otev\u00edr\u00e1 nov\u00e9 mo\u017enost\u00ed.<\/span><\/p>\n<ul>\n<li><span style=\"font-weight: 400;\">VO2max a dal\u0161\u00ed indik\u00e1tory jako VT1 \/ FATmax, VT2 \/ AT<\/span><\/li>\n<li><span style=\"font-weight: 400;\">Klidov\u00fd metabolismus<\/span><\/li>\n<li><span style=\"font-weight: 400;\">Ventila\u010dn\u00ed prahy<\/span><\/li>\n<li><span style=\"font-weight: 400;\">Tr\u00e9ninkov\u00e9 z\u00f3ny<\/span><\/li>\n<li><span style=\"font-weight: 400;\">Integrace Garminu<\/span><\/li>\n<li><span style=\"font-weight: 400;\">Automatick\u00e9 z\u00e1lohov\u00e1n\u00ed nebo m\u00edstn\u00ed \u00falo\u017ei\u0161t\u011b<\/span><\/li>\n<li><span style=\"font-weight: 400;\">Kou\u010dov\u00e1n\u00ed na d\u00e1lku<\/span><\/li>\n<li><span style=\"font-weight: 400;\">Export nezpracovan\u00fdch dat CSV<\/span><\/li>\n<li><span style=\"font-weight: 400;\">VO2 Master app<\/span><\/li>\n<\/ul>\n<p><span style=\"font-weight: 400;\">Package Includes:<\/span><\/p>\n<ul>\n<li style=\"font-weight: 400;\" aria-level=\"1\"><span style=\"font-weight: 400;\">Jednotka VO2 Master Pro<\/span><\/li>\n<li style=\"font-weight: 400;\" aria-level=\"1\"><span style=\"font-weight: 400;\">Pouzdro z pevn\u00e9 sko\u0159epiny<\/span><\/li>\n<li style=\"font-weight: 400;\" aria-level=\"1\"><span style=\"font-weight: 400;\">Mal\u00e1 maska<\/span><\/li>\n<li style=\"font-weight: 400;\" aria-level=\"1\"><span style=\"font-weight: 400;\">U\u017eivatelsk\u00fd kus RMR<\/span><\/li>\n<li style=\"font-weight: 400;\" aria-level=\"1\"><span style=\"font-weight: 400;\">St\u0159edn\u00ed u\u017eivatelsk\u00e1 kus<\/span><\/li>\n<li style=\"font-weight: 400;\" aria-level=\"1\"><span style=\"font-weight: 400;\">Velk\u00fd u\u017eivatelsk\u00fd kus<\/span><\/li>\n<li style=\"font-weight: 400;\" aria-level=\"1\"><span style=\"font-weight: 400;\">50 filtr\u016f<\/span><\/li>\n<li style=\"font-weight: 400;\" aria-level=\"1\"><span style=\"font-weight: 400;\">5 AAA bateri\u00ed<\/span><\/li>\n<li style=\"font-weight: 400;\" aria-level=\"1\"><span style=\"font-weight: 400;\">P\u0159\u00edru\u010dky pro rychl\u00fd start, z\u00e1ruka<\/span><\/li>\n<\/ul>\n<p><span style=\"font-weight: 400;\">U\u017eivatelsk\u00e9 rozsahy toku kus\u016f:<\/span><\/p>\n<p><span style=\"font-weight: 400;\">Velikost Rozsah ventilace [L\/min]<\/span><\/p>\n<ul>\n<li style=\"font-weight: 400;\" aria-level=\"1\"><span style=\"font-weight: 400;\">Odpo\u010dinkov\u00fd (RMR) 3-25<\/span><\/li>\n<li style=\"font-weight: 400;\" aria-level=\"1\"><span style=\"font-weight: 400;\">St\u0159edn\u00ed 30-160<\/span><\/li>\n<li style=\"font-weight: 400;\" aria-level=\"1\"><span style=\"font-weight: 400;\">Velk\u00fd 40-220<\/span><\/li>\n<\/ul>\n<ul>\n<li style=\"font-weight: 400;\" aria-level=\"1\"><span style=\"font-weight: 400;\">V\u00fdrobn\u00ed jednotky se mohou vzhledov\u011b m\u00edrn\u011b li\u0161it.<\/span><\/li>\n<li style=\"font-weight: 400;\" aria-level=\"1\"><span style=\"font-weight: 400;\">Tento v\u00fdrobek nen\u00ed ur\u010den pro \u017e\u00e1dn\u00e9 l\u00e9ka\u0159sk\u00e9 pou\u017eit\u00ed. Je ur\u010den pro pou\u017eit\u00ed ve sportu.<\/span><\/li>\n<li style=\"font-weight: 400;\" aria-level=\"1\"><span style=\"font-weight: 400;\">Jednotky dod\u00e1van\u00e9 mimo Severn\u00ed Ameriku se nedod\u00e1vaj\u00ed s bateriemi.<\/span><\/li>\n<li style=\"font-weight: 400;\" aria-level=\"1\"><span style=\"font-weight: 400;\">Patenty \u010dekaj\u00ed na schv\u00e1len\u00ed.<\/span><\/li>\n<\/ul>\n<p><span style=\"font-weight: 400;\">Jsme zku\u0161en\u00ed u\u017eivatel\u00e9 VO2 Master! M\u00e1te-li n\u011bjak\u00e9 konkr\u00e9tn\u00ed dotazy nebo je-li n\u011bco konkr\u00e9tn\u00edho, co byste r\u00e1di v\u011bd\u011bli nebo diskutovali o masce VO2 Master, nev\u00e1hejte se n\u00e1s zeptat a my v\u00e1m r\u00e1di pom\u016f\u017eeme s jak\u00fdmikoli tipy nebo informacemi, kter\u00e9 budete pot\u0159ebovat.<\/span><\/p>\n<p>&nbsp;<\/p>\n<p><span style=\"font-weight: 400;\">Mobil: +48 600 271 424, e-mail: <\/span><a href=\"mailto:endutrition@gmail.com\"><span style=\"font-weight: 400;\">endutrition@gmail.com<\/span><\/a><span style=\"font-weight: 400;\">, <\/span><a href=\"mailto:legalsport@o2.pl\"><span style=\"font-weight: 400;\">legalsport@o2.pl<\/span><\/a><\/p>","protected":false},"excerpt":{"rendered":"<p>VO2 Master je nejmobiln\u011bj\u0161\u00ed, nejv\u00edce cenov\u011b dostupn\u00fd a nejsnadn\u011bji pou\u017eiteln\u00fd analyz\u00e1tor VO2 na sv\u011bt\u011b. Bezplatn\u00e1 mobiln\u00ed aplikace umo\u017e\u0148uje sb\u011br dat prost\u0159ednictv\u00edm Bluetooth a snadn\u00e9 sd\u00edlen\u00ed e-mailem pro n\u00e1slednou anal\u00fdzu.<\/p>","protected":false},"featured_media":1460,"comment_status":"open","ping_status":"closed","template":"","meta":{"slim_seo":{"title":"VO2 Master - Endutrition","description":"VO2 Master\u00a0 is the world's most portable, affordable, and easy-to-use VO2 analyzer. The free phone app allows for Bluetooth data collection and easy sharing by"}},"product_brand":[],"product_cat":[56,48],"product_tag":[],"class_list":{"0":"post-1456","1":"product","2":"type-product","3":"status-publish","4":"has-post-thumbnail","6":"product_cat-partnership","7":"product_cat-sport-and-physiology-devices","9":"first","10":"instock","11":"shipping-taxable","12":"product-type-external"},"_links":{"self":[{"href":"https:\/\/endutrition.com\/cs\/wp-json\/wp\/v2\/product\/1456","targetHints":{"allow":["GET"]}}],"collection":[{"href":"https:\/\/endutrition.com\/cs\/wp-json\/wp\/v2\/product"}],"about":[{"href":"https:\/\/endutrition.com\/cs\/wp-json\/wp\/v2\/types\/product"}],"replies":[{"embeddable":true,"href":"https:\/\/endutrition.com\/cs\/wp-json\/wp\/v2\/comments?post=1456"}],"wp:featuredmedia":[{"embeddable":true,"href":"https:\/\/endutrition.com\/cs\/wp-json\/wp\/v2\/media\/1460"}],"wp:attachment":[{"href":"https:\/\/endutrition.com\/cs\/wp-json\/wp\/v2\/media?parent=1456"}],"wp:term":[{"taxonomy":"product_brand","embeddable":true,"href":"https:\/\/endutrition.com\/cs\/wp-json\/wp\/v2\/product_brand?post=1456"},{"taxonomy":"product_cat","embeddable":true,"href":"https:\/\/endutrition.com\/cs\/wp-json\/wp\/v2\/product_cat?post=1456"},{"taxonomy":"product_tag","embeddable":true,"href":"https:\/\/endutrition.com\/cs\/wp-json\/wp\/v2\/product_tag?post=1456"}],"curies":[{"name":"wp","href":"https:\/\/api.w.org\/{rel}","templated":true}]}}