{"id":1900,"date":"2025-08-24T19:00:40","date_gmt":"2025-08-24T17:00:40","guid":{"rendered":"https:\/\/endutrition.com\/?post_type=product&#038;p=1900"},"modified":"2025-09-09T01:31:17","modified_gmt":"2025-09-08T23:31:17","slug":"moxy-3-sensor-bundle","status":"publish","type":"product","link":"https:\/\/endutrition.com\/cs\/produkt\/moxy-3-sensor-bundle\/","title":{"rendered":"Moxy Monitor Sada 3 senzor\u016f"},"content":{"rendered":"<p><iframe title=\"YouTube video player\" src=\"https:\/\/www.youtube.com\/embed\/UaYfoIBc7xs?si=np-mslrKNuC2BSjK\" width=\"560\" height=\"315\" frameborder=\"0\" allowfullscreen=\"allowfullscreen\"><\/iframe><br \/>\n<span style=\"font-weight: 400;\">Moxy Muscle Oxygen Monitoring pom\u00e1h\u00e1 sportovc\u016fm z\u00edskat konkuren\u010dn\u00ed v\u00fdhodu. A tren\u00e9r\u016fm pom\u00e1h\u00e1me p\u0159idat dal\u0161\u00ed n\u00e1stroj k optimalizaci a individualizaci tr\u00e9ninkov\u00fdch pl\u00e1n\u016f!<\/span><\/p>\n<p>&nbsp;<\/p>\n<p class=\"translation-block\"><span style=\"font-weight: 400;\">Moxy sensor&nbsp; is a small, wearable sensor that utilizes infrared light to continuously&nbsp;<\/span><i><span style=\"font-weight: 400;\">monitor<\/span><\/i><span style=\"font-weight: 400;\">&nbsp;oxygen saturation (SmO\u2082) levels in the muscles of athletes while they train.<\/span><\/p>\n<p>&nbsp;<\/p>\n<p><strong>V\u011b\u0159te ve snahu o lidskou dokonalost<\/strong><\/p>\n<p>&nbsp;<\/p>\n<p><span style=\"font-weight: 400;\">Moxy Monitor pou\u017e\u00edvaj\u00ed elitn\u00ed sportovci, tren\u00e9\u0159i a univerzity po cel\u00e9m sv\u011bt\u011b.<\/span><\/p>\n<p>&nbsp;<\/p>\n<p><strong>Tr\u00e9nujte chyt\u0159eji<\/strong><\/p>\n<p>&nbsp;<\/p>\n<p><span style=\"font-weight: 400;\">Pom\u00e1h\u00e1me elitn\u00edm sportovc\u016fm optimalizovat jejich tr\u00e9nink, aby mohli dos\u00e1hnout sv\u00e9ho v\u00fdkonnostn\u00edho potenci\u00e1lu a osobn\u00edch rekord\u016f.<\/span><\/p>\n<p>&nbsp;<\/p>\n<p><strong>Lep\u0161\u00ed v\u00fdkon<\/strong><\/p>\n<p>&nbsp;<\/p>\n<p><span style=\"font-weight: 400;\">Moxy izoluje svalovou vrstvu a m\u011b\u0159\u00ed SmO2 v re\u00e1ln\u00e9m \u010dase, tak\u017ee lze p\u0159i tr\u00e9ninkov\u00fdch strategi\u00edch vyu\u017e\u00edt individu\u00e1ln\u00ed poznatky.<\/span><\/p>\n<p>&nbsp;<\/p>\n<p><strong>Dos\u00e1hnout v\u00edce<\/strong><\/p>\n<p><span style=\"font-weight: 400;\">Moxy Monitor je osv\u011bd\u010den\u00fd zp\u016fsob m\u011b\u0159en\u00ed SmO2 ve svalov\u00e9 vrstv\u011b, tak\u017ee sportovci a tren\u00e9\u0159i mohou eliminovat slep\u00fd tr\u00e9nink a optimalizovat v\u00fdkon.<\/span><\/p>\n<p>&nbsp;<\/p>\n<p><span style=\"font-weight: 400;\">Monitor MOXY SmO2 v\u00e1m pom\u016f\u017ee:<\/span><\/p>\n<p><span style=\"font-weight: 400;\">A) stanoven\u00ed oxygena\u010dn\u00edch z\u00f3n na z\u00e1klad\u011b porovn\u00e1n\u00ed s jin\u00fdmi d\u0159\u00edve stanoven\u00fdmi HR, FTP, CP atd,<\/span><\/p>\n<p><span style=\"font-weight: 400;\">B) p\u0159esn\u00e9 m\u011b\u0159en\u00ed doby zotaven\u00ed - restituce po n\u00e1maze a mezi n\u00e1mahami<\/span><\/p>\n<p><span style=\"font-weight: 400;\">C) v hypoxick\u00e9m tr\u00e9ninku<\/span><\/p>\n<p><span style=\"font-weight: 400;\">D) b\u011bhem regenera\u010dn\u00edho tr\u00e9ninku (aktivn\u00ed regenerace)<\/span><\/p>\n<p><span style=\"font-weight: 400;\">E) v procesech rehabilitace a n\u00e1vratu po \u00farazu<\/span><\/p>\n<p><span style=\"font-weight: 400;\">F) p\u0159i sledov\u00e1n\u00ed adaptace na \u00fasil\u00ed sportovce v tr\u00e9ninkov\u00e9m procesu (zlep\u0161en\u00ed kardiorespira\u010dn\u00ed kapacity).<\/span><\/p>\n<p><span style=\"font-weight: 400;\">G) p\u0159i v\u00fdvoji VO2max. B\u011bhem cvi\u010den\u00ed VO2max, kter\u00e9 lze dob\u0159e definovat pomoc\u00ed Moxy. Minim\u00e1ln\u00ed plato SmO2, kter\u00e9 lze udr\u017eet po dobu 3-5 minut intenzity VO2Max. tj. pokud je nap\u0159. minim\u00e1ln\u00ed plato sportovce 20 % SmO2 a v dan\u00fd den nedos\u00e1hne 20 %, ale nap\u0159. 28 % - je to ukazatel \u00fanavy a p\u0159\u00edle\u017eitost ke zm\u011bn\u011b tr\u00e9ninkov\u00e9 jednotky nebo pl\u00e1nu. Pokles pod 20 % p\u0159i intenzit\u011b VO2max bude znamenat adaptaci a pokrok.<\/span><\/p>\n<p><span style=\"font-weight: 400;\">H) pomoc\u00ed test\u016f VO2master mask metabolics. S Moxy p\u0159esn\u00e9 a p\u0159esn\u011bj\u0161\u00ed stanoven\u00ed metabolick\u00e9ho profilu zkouman\u00e9ho a testovan\u00e9ho z\u00e1vodn\u00edka.<\/span><\/p>\n<p><span style=\"font-weight: 400;\">I) Moxy se p\u00e1ruje s obl\u00edben\u00fdmi sporttestery, po\u010d\u00edta\u010di a hodinkami od spole\u010dnost\u00ed, jako je Garmin. Wahoo Sunto,monitor pracuje v technologi\u00edch ANT+ Compatibility a Bluetooth Compatibility.<\/span><\/p>\n<p><span style=\"font-weight: 400;\">J) Moxy je pln\u011b vodot\u011bsn\u00e1, tak\u017ee ji lze pou\u017e\u00edvat p\u0159i tr\u00e9ninku plav\u00e1n\u00ed ve voln\u00e9 vod\u011b i v baz\u00e9nu.<\/span><\/p>\n<p>&nbsp;<\/p>\n<p><span style=\"font-weight: 400;\">Pro v\u00edce informac\u00ed n\u00e1s pros\u00edm kontaktujte p\u0159\u00edmo nebo nav\u0161tivte webov\u00e9 str\u00e1nky\u00a0<\/span><a href=\"https:\/\/www.moxymonitor.com\/\"><span style=\"font-weight: 400;\">https:\/\/www.moxymonitor.com\/<\/span><\/a><\/p>\n<p>&nbsp;<\/p>\n<p><span style=\"font-weight: 400;\">Pod\u00edvejte se na tento odkaz na n\u00e1\u0161\u00a0<\/span><a href=\"https:\/\/my.moxymonitor.com\/e3t\/Ctc\/RA+113\/c1bH-04\/VWwC6G8_7K73W3FKc6L25xp5bW2x7JLQ4VS5pCN7Hm8xf3lLBmV1-WJV7CgSpNW2YzX1L9kYYMSW3nYDP43Nm11dW3HtxY_4MxPYXV3KnTB201hM4W2ZDPTG2x1PL-W7bJd2W8HcFckW2rBSPk3JG2XzW4BGJHf20t8dzW5W-rw09flXChW1wtVlX1yPnRGW5-Ytj01Bn7LyN54H8Gy1t_ZrN4dfjWMSvLGcVXl5bx1QfWz9Vg7kMN7ww72FW4HK64P6D7pr5W3qbJYp1tNTvTW5fDkkl4_lqgLW74W8CF1vpKqcN7MCv7jCqd44N3CQNj3_m1ngVtDH2n6x-J6j3nnB1\"><span style=\"font-weight: 400;\">welcome video<\/span><\/a><span style=\"font-weight: 400;\">\u00a0a tak\u00e9 toto\u00a0<\/span><a href=\"https:\/\/my.moxymonitor.com\/e3t\/Ctc\/RA+113\/c1bH-04\/VWwC6G8_7K73W3FKc6L25xp5bW2x7JLQ4VS5pCN7Hm8xf3lLBmV1-WJV7CgYTXW3zzysG64KmP1W3TRXVJ6q7WDwW2J0GMD6C0TkwVRrXXf6NWgpWW2pNhV_8-1dDTW8ptQcn1VrT_gN3fF0gW-3WydW2GG4mC46BzxdN5pcDKGy-sxVW5Wq0KQ6FjQcpW6LKFMC6lFZzqW8HVc3D7ZZMgbW38DP5H6g-hlXW42k_qC1H8Fv2W3FDG038SBq39W2_JNZM7N2WSVW8Ndt3R1DdchcW4cw2wT4ksHC-W2sMc397zWW4zW8DTd_x2wMRNRW5GnLSB72L8y4W92z5jY34wrNW3q4c1\"><span style=\"font-weight: 400;\">Muscle Oxygen Monitoring ebook<\/span><\/a><span style=\"font-weight: 400;\">\u00a0abyste v\u011bd\u011bli, jak m\u016f\u017eeme zapadnout do va\u0161eho pl\u00e1nu na zv\u00fd\u0161en\u00ed v\u00fdkonnosti.<\/span><\/p>\n<p>&nbsp;<\/p>\n<p><span style=\"font-weight: 400;\">Jsme zku\u0161en\u00ed u\u017eivatel\u00e9 monitoru SMO2 MOXY.Pokud m\u00e1te n\u011bjak\u00e9 konkr\u00e9tn\u00ed dotazy nebo chcete o monitoru MOXY n\u011bco konkr\u00e9tn\u00edho v\u011bd\u011bt nebo o n\u011bm diskutovat, zeptejte se n\u00e1s a my v\u00e1m r\u00e1di pom\u016f\u017eeme s jak\u00fdmikoli tipy nebo informacemi, kter\u00e9 pot\u0159ebujete.<\/span><\/p>\n<p>&nbsp;<\/p>\n<p><span style=\"font-weight: 400;\">Kontakt. endutrition@gmail.com nebo mobil: +48 600 271 424 <\/span><a href=\"mailto:legalsport@o2.pl\"><span style=\"font-weight: 400;\">legalsport@o2.pl<\/span><\/a><span style=\"font-weight: 400;\"> , <\/span><a href=\"mailto:endutrition@gmail.com\"><span style=\"font-weight: 400;\">endutrition@gmail.com<\/span><\/a><span style=\"font-weight: 400;\">\u00a0<\/span><\/p>\n<p><span style=\"font-weight: 400;\">Phone: +48 600 271 424<\/span><\/p>","protected":false},"excerpt":{"rendered":"<p>Moxy Muscle Oxygen Monitoring is helping athletes gain a competitive edge. And we\u2019re helping trainers add another tool to optimize and individualize their training plans!<\/p>","protected":false},"featured_media":1902,"comment_status":"open","ping_status":"closed","template":"","meta":{"slim_seo":{"title":"Moxy Monitor 3-Sensor Bundle - Endutrition","description":"Moxy Muscle Oxygen Monitoring is helping athletes gain a competitive edge. And we\u2019re helping trainers add another tool to optimize and individualize their train"}},"product_brand":[],"product_cat":[56,48],"product_tag":[],"class_list":{"0":"post-1900","1":"product","2":"type-product","3":"status-publish","4":"has-post-thumbnail","6":"product_cat-partnership","7":"product_cat-sport-and-physiology-devices","9":"first","10":"instock","11":"shipping-taxable","12":"product-type-external"},"_links":{"self":[{"href":"https:\/\/endutrition.com\/cs\/wp-json\/wp\/v2\/product\/1900","targetHints":{"allow":["GET"]}}],"collection":[{"href":"https:\/\/endutrition.com\/cs\/wp-json\/wp\/v2\/product"}],"about":[{"href":"https:\/\/endutrition.com\/cs\/wp-json\/wp\/v2\/types\/product"}],"replies":[{"embeddable":true,"href":"https:\/\/endutrition.com\/cs\/wp-json\/wp\/v2\/comments?post=1900"}],"wp:featuredmedia":[{"embeddable":true,"href":"https:\/\/endutrition.com\/cs\/wp-json\/wp\/v2\/media\/1902"}],"wp:attachment":[{"href":"https:\/\/endutrition.com\/cs\/wp-json\/wp\/v2\/media?parent=1900"}],"wp:term":[{"taxonomy":"product_brand","embeddable":true,"href":"https:\/\/endutrition.com\/cs\/wp-json\/wp\/v2\/product_brand?post=1900"},{"taxonomy":"product_cat","embeddable":true,"href":"https:\/\/endutrition.com\/cs\/wp-json\/wp\/v2\/product_cat?post=1900"},{"taxonomy":"product_tag","embeddable":true,"href":"https:\/\/endutrition.com\/cs\/wp-json\/wp\/v2\/product_tag?post=1900"}],"curies":[{"name":"wp","href":"https:\/\/api.w.org\/{rel}","templated":true}]}}