{"id":1941,"date":"2023-09-05T22:00:16","date_gmt":"2023-09-05T20:00:16","guid":{"rendered":"https:\/\/endutrition.com\/?post_type=product&#038;p=1941"},"modified":"2025-09-08T21:50:48","modified_gmt":"2025-09-08T19:50:48","slug":"sonr-team-set-x-5","status":"publish","type":"product","link":"https:\/\/endutrition.com\/cs\/produkt\/sonr-team-set-x-5\/","title":{"rendered":"SONR Team Set x 5"},"content":{"rendered":"<h3><span style=\"font-weight: 400;\">Objevte plaveck\u00fd tren\u00e9rsk\u00fd komunik\u00e1tor SONR v re\u00e1ln\u00e9m \u010dase a pod\u00edvejte se na v\u00fdhody syst\u00e9mu komunik\u00e1toru SONR.\u00a0<\/span><\/h3>\n<p>&nbsp;<\/p>\n<table>\n<tbody>\n<tr>\n<td><span style=\"font-weight: 400;\">Tr\u00e9nink bez k\u0159iku je mo\u017en\u00fd<\/span><\/td>\n<\/tr>\n<tr>\n<td><span style=\"font-weight: 400;\">Tren\u00e9\u0159i mohou nyn\u00ed instruovat plavce v re\u00e1ln\u00e9m \u010dase.<\/span><\/td>\n<\/tr>\n<tr>\n<td><span style=\"font-weight: 400;\">Plavci nyn\u00ed sly\u0161\u00ed sv\u00e9ho tren\u00e9ra pod vodou<\/span><\/td>\n<\/tr>\n<tr>\n<td><span style=\"font-weight: 400;\">Kou\u010dov\u00e1n\u00ed plav\u00e1n\u00ed v re\u00e1ln\u00e9m \u010dase je mo\u017en\u00e9!<\/span><\/td>\n<\/tr>\n<tr>\n<td><span style=\"font-weight: 400;\">Museli va\u0161i tren\u00e9\u0159i k\u0159i\u010det cel\u00fd den?<\/span><\/td>\n<\/tr>\n<tr>\n<td><span style=\"font-weight: 400;\">\u0160kolen\u00ed mohou b\u00fdt efektivn\u011bj\u0161\u00ed<\/span><\/td>\n<\/tr>\n<tr>\n<td><span style=\"font-weight: 400;\">Kou\u010dov\u00e1n\u00ed v re\u00e1ln\u00e9m \u010dase m\u016f\u017ee zefektivnit v\u00e1\u0161 plaveck\u00fd tr\u00e9nink<\/span><\/td>\n<\/tr>\n<\/tbody>\n<\/table>\n<p>&nbsp;<\/p>\n<p><iframe title=\"YouTube video player\" src=\"https:\/\/www.youtube.com\/embed\/kwwC2q_ipBU?si=_2XfoMcdT_I-teG7\" width=\"560\" height=\"315\" frameborder=\"0\" allowfullscreen=\"allowfullscreen\"><\/iframe><br \/>\n<span style=\"font-weight: 400;\">Sly\u0161et pod vodou a nau\u010dit se plavat rychleji.<\/span><\/p>\n<p><span style=\"font-weight: 400;\">Objevte plaveck\u00fd komunik\u00e1tor SONR, ide\u00e1ln\u00ed n\u00e1stroj pro tr\u00e9nink a v\u00fduku plav\u00e1n\u00ed, kter\u00fd pom\u00e1h\u00e1 tren\u00e9r\u016fm komunikovat s plavci v re\u00e1ln\u00e9m \u010dase.<\/span><\/p>\n<p><span style=\"font-weight: 400;\">Real-time swim coach headset<\/span><\/p>\n<p><span style=\"font-weight: 400;\">Tren\u00e9re, ode dne\u0161ka u\u017e nemus\u00ed\u0161 k\u0159i\u010det, plavci t\u011b stejn\u011b usly\u0161\u00ed<\/span><\/p>\n<p><span style=\"font-weight: 400;\">D\u0159\u00edve plavci nesly\u0161eli tren\u00e9ra, proto\u017ee m\u011bli u\u0161i pod vodou.<\/span><\/p>\n<p><span style=\"font-weight: 400;\">Nyn\u00ed plavci sly\u0161\u00ed ka\u017ed\u00e9 slovo tren\u00e9ra se SONR-Pro. SONR -Pro je pr\u00e1v\u011b to, co pot\u0159ebujete, \u017ee ano?\u00a0<\/span><\/p>\n<p><span style=\"font-weight: 400;\">Technologie kostn\u00edho veden\u00ed umo\u017e\u0148uje plavci sly\u0161et tren\u00e9r\u016fv hlas pod vodou. .<\/span><\/p>\n<p><span style=\"font-weight: 400;\">Tren\u00e9r dok\u00e1\u017ee korigovat pohyby plavce p\u0159esn\u011b tehdy, kdy\u017e to pot\u0159ebuje.\u00a0<\/span><\/p>\n<p><span style=\"font-weight: 400;\">P\u0159ipojte se k neomezen\u00e9mu po\u010dtu plavc\u016f SONR pomoc\u00ed jedin\u00e9ho r\u00e1dia.<\/span><\/p>\n<p><span style=\"font-weight: 400;\">Spravujte cel\u00e9 t\u00fdmy v re\u00e1ln\u00e9m \u010dase na 6 r\u016fzn\u00fdch kan\u00e1lech. P\u0159ep\u00ednejte kan\u00e1ly na r\u00e1diu a mluvte se v\u0161emi plavci sou\u010dasn\u011b, nebo konkr\u00e9tn\u011b pouze s jedn\u00edm plavcem nebo je rozd\u011blte do skupin.<\/span><\/p>\n<p><span style=\"font-weight: 400;\">Syst\u00e9m SONR m\u016f\u017ee pou\u017e\u00edvat a\u017e 5 tren\u00e9r\u016f sou\u010dasn\u011b.<\/span><\/p>\n<p><span style=\"font-weight: 400;\">P\u0159esv\u011bd\u010dte se, \u017ee se SONR m\u016f\u017eete nav\u00edc nejefektivn\u011bji plavat i na otev\u0159en\u00e9 vod\u011b.<\/span><\/p>\n<p><span style=\"font-weight: 400;\">Objevte a u\u017eijte si inovativn\u00ed zp\u016fsob tr\u00e9ninku plav\u00e1n\u00ed na otev\u0159en\u00e9 vod\u011b a bavte se nap\u0159\u00edklad poslechem hudby ze SONR-Music b\u011bhem dlouh\u00fdch plaveck\u00fdch tr\u00e9nink\u016f.<\/span><\/p>\n<p><span style=\"font-weight: 400;\">Vzd\u00e1lenost ji\u017e nen\u00ed p\u0159ek\u00e1\u017ekou, proto\u017ee SONR v\u00e1m umo\u017e\u0148uje mluvit s plavci v re\u00e1ln\u00e9m \u010dase.<\/span><\/p>\n<p><span style=\"font-weight: 400;\">Ud\u00edlejte pokyny, korekce a zp\u011btnou vazbu, kdy\u017e stoj\u00edte na b\u0159ehu, sledujte, jak va\u0161i plavci postupuj\u00ed rychleji.<\/span><\/p>\n<p><span style=\"font-weight: 400;\">Vzd\u00e1lenost - do 300 m<\/span><\/p>\n<p><span style=\"font-weight: 400;\">Pod vodou - do 1 m<\/span><\/p>\n<p><span style=\"font-weight: 400;\">Komunikace v re\u00e1ln\u00e9m \u010dase<\/span><\/p>\n<p><span style=\"font-weight: 400;\">Nepotopiteln\u00fd a lehk\u00fd. SONR-Pro v\u00e1\u017e\u00ed pouh\u00fdch 30 g<\/span><\/p>\n<p>&nbsp;<\/p>\n<p><span style=\"font-weight: 400;\">Jsme zku\u0161en\u00fdmi u\u017eivateli komunik\u00e1toru SONR Pro. Pokud m\u00e1te n\u011bjak\u00e9 konkr\u00e9tn\u00ed dotazy nebo cokoliv konkr\u00e9tn\u00edho, co byste cht\u011bli v\u011bd\u011bt nebo diskutovat o SONR, nev\u00e1hejte se zeptat a my v\u00e1m r\u00e1di poskytneme jak\u00e9koli pokyny nebo informace, kter\u00e9 budete pot\u0159ebovat.<\/span><\/p>\n<p>&nbsp;<\/p>\n<p><span style=\"font-weight: 400;\">Pro nejlep\u0161\u00ed aktu\u00e1ln\u00ed cenovou nab\u00eddku n\u00e1s pros\u00edm kontaktujte p\u0159\u00edmo na:<\/span><\/p>\n<p><span style=\"font-weight: 400;\">e-mail <\/span><a href=\"mailto:legalsport@o2.pl\"><span style=\"font-weight: 400;\">legalsport@o2.pl<\/span><\/a><span style=\"font-weight: 400;\"> , <\/span><a href=\"mailto:endutrition@gmail.com\"><span style=\"font-weight: 400;\">endutrition@gmail.com<\/span><\/a><span style=\"font-weight: 400;\">\u00a0 or call\u00a0 +48 600 271 424<\/span><\/p>\n<p><span style=\"font-weight: 400;\">more info on the <\/span><a href=\"https:\/\/www.sonr.pro\/\"><span style=\"font-weight: 400;\">https:\/\/www.sonr.pro\/<\/span><\/a><\/p>","protected":false},"excerpt":{"rendered":"<div class=\"option-description\">Z\u00e1kladn\u00ed t\u00fdmov\u00e1 sada sest\u00e1vaj\u00edc\u00ed z 5 p\u0159ij\u00edma\u010d\u016f a vys\u00edla\u010de. Mluvit m\u016f\u017eete a\u017e s 5 plavci sou\u010dasn\u011b.<\/div>\n<p>SONR je nositeln\u00fd r\u00e1diov\u00fd p\u0159ij\u00edma\u010d pro plavce, kter\u00fd umo\u017e\u0148uje tren\u00e9rovi zlep\u0161ovat techniku b\u011bhem tr\u00e9ninku, i kdy\u017e m\u00e1 plavec hlavu pod vodou. M\u00e1 tvar disku a je um\u00edst\u011bn pod plaveckou \u010depic\u00ed, aby bylo sly\u0161et hlas tren\u00e9ra.<\/p>\n<div class=\"specific-size-description w-richtext\">\n<p><strong>Balen\u00ed obsahuje:<\/strong><\/p>\n<p><strong>SONR receiver x 5<\/strong><\/p>\n<p>Klip na br\u00fdle x 5<\/p>\n<p>Nab\u00edjec\u00ed kabel x 5<\/p>\n<p>\u0160punty do u\u0161\u00ed x 5<\/p>\n<p><strong>R\u00e1diov\u00fd vys\u00edla\u010d x 1<\/strong><\/p>\n<p>R\u00e1diov\u00e1 nab\u00edje\u010dka x 1<\/p>\n<p>N\u00e1vod k pou\u017eit\u00ed x 1<\/p>\n<\/div>","protected":false},"featured_media":1942,"comment_status":"open","ping_status":"closed","template":"","meta":{"slim_seo":{"title":"SONR Team Set x 5 - Endutrition","description":"Basic team set consisting of 5 receivers and a radio transmitter. Talk with up to 5 swimmers simultaneously. SONR is a wearable radio receiver for swimmers, whi"}},"product_brand":[],"product_cat":[48],"product_tag":[],"class_list":{"0":"post-1941","1":"product","2":"type-product","3":"status-publish","4":"has-post-thumbnail","6":"product_cat-sport-and-physiology-devices","8":"first","9":"instock","10":"shipping-taxable","11":"purchasable","12":"product-type-simple"},"_links":{"self":[{"href":"https:\/\/endutrition.com\/cs\/wp-json\/wp\/v2\/product\/1941","targetHints":{"allow":["GET"]}}],"collection":[{"href":"https:\/\/endutrition.com\/cs\/wp-json\/wp\/v2\/product"}],"about":[{"href":"https:\/\/endutrition.com\/cs\/wp-json\/wp\/v2\/types\/product"}],"replies":[{"embeddable":true,"href":"https:\/\/endutrition.com\/cs\/wp-json\/wp\/v2\/comments?post=1941"}],"wp:featuredmedia":[{"embeddable":true,"href":"https:\/\/endutrition.com\/cs\/wp-json\/wp\/v2\/media\/1942"}],"wp:attachment":[{"href":"https:\/\/endutrition.com\/cs\/wp-json\/wp\/v2\/media?parent=1941"}],"wp:term":[{"taxonomy":"product_brand","embeddable":true,"href":"https:\/\/endutrition.com\/cs\/wp-json\/wp\/v2\/product_brand?post=1941"},{"taxonomy":"product_cat","embeddable":true,"href":"https:\/\/endutrition.com\/cs\/wp-json\/wp\/v2\/product_cat?post=1941"},{"taxonomy":"product_tag","embeddable":true,"href":"https:\/\/endutrition.com\/cs\/wp-json\/wp\/v2\/product_tag?post=1941"}],"curies":[{"name":"wp","href":"https:\/\/api.w.org\/{rel}","templated":true}]}}