{"id":2219,"date":"2023-10-18T02:39:39","date_gmt":"2023-10-18T00:39:39","guid":{"rendered":"https:\/\/endutrition.com\/?page_id=2219"},"modified":"2023-11-04T03:19:37","modified_gmt":"2023-11-04T02:19:37","slug":"privacy-policy","status":"publish","type":"page","link":"https:\/\/endutrition.com\/pl\/privacy-policy\/","title":{"rendered":"Polityka prywatno\u015bci"},"content":{"rendered":"<p><\/p>\n\n\n\n<div class=\"wp-block-buttons is-layout-flex wp-block-buttons-is-layout-flex\">\n<div class=\"wp-block-button\"><a class=\"wp-block-button__link wp-element-button\" href=\"\/wp-content\/uploads\/2023\/11\/COMPLAINT-FORM-PL-ENG-CZ.pdf\">FORMULARZ REKLAMACYJNY<\/a><\/div>\n\n\n\n<div class=\"wp-block-button\"><a class=\"wp-block-button__link wp-element-button\" href=\"\/wp-content\/uploads\/2023\/11\/INFORMATION-REGARDING-THE-EXERCISE-OF-THE-RIGHT-TO-WITHDRAW-FROM-THE-CONTRACT-PL-EN-CZ.pdf\">INFORMACJE DOTYCZ\u0104CE KORZYSTANIA Z PRAWA ODST\u0104PIENIA OD UMOWY<\/a><\/div>\n\n\n\n<div class=\"wp-block-button\"><a class=\"wp-block-button__link wp-element-button\" href=\"\/wp-content\/uploads\/2023\/11\/Withdrawal-form-PL-EN-CZ.pdf\">FORMULARZ ODST\u0104PIENIA OD UMOWY<\/a><\/div>\n<\/div>\n\n\n\n<div style=\"height:69px\" aria-hidden=\"true\" class=\"wp-block-spacer\"><\/div>\n\n\n\n<p>W SPACS_by_endutrition z najwy\u017cszym szacunkiem podchodzimy do ochrony danych osobowych naszych klient\u00f3w oraz partner\u00f3w.    Jeste\u015bmy \u015bwiadomi konieczno\u015bci odpowiedniej ochrony i odpowiedzialnego post\u0119powania z wszystkimi otrzymywanymi przez nas danymi osobowymi. Z danymi osobowymi post\u0119pujemy zgodnie z obowi\u0105zuj\u0105cymi przepisami prawa.<\/p>\n\n\n\n<p>&nbsp;Je\u015bli mimo wszystko uznasz nasz\u0105 polityk\u0119 prywatno\u015bci za niedopuszczaln\u0105, to prosimy o niekorzystanie z naszej witryny.<\/p>\n\n\n\n<p><strong>CO REJESTRUJEMY I DLACZEGO?<\/strong><\/p>\n\n\n\n<p>Aby dokona\u0107 zakupu u nas potrzebujemy nast\u0119puj\u0105cych danych: Imi\u0119, nazwisko, adres, numer telefonu i adres e-mail. Rejestrujemy Twoje dane osobowe, aby m\u00f3c wys\u0142a\u0107 Ci przedmiot(y) i zaoferowa\u0107 nasze us\u0142ugi. Wszystkie dane osobowe s\u0105 rejestrowane przez SPACS_by_endutrition i przechowywane przez min. 10 lat,&nbsp;<\/p>\n\n\n\n<p>nast\u0119pnie informacje s\u0105 usuwane. Kiedy za po\u015brednictwem naszej witryny internetowej gromadzone s\u0105 dane osobowe, zapewniamy, \u017ce dzieje si\u0119 to zawsze za Twoj\u0105 wyra\u017an\u0105 zgod\u0105, zapewniaj\u0105c, \u017ce jeste\u015b dok\u0142adnie poinformowany o tym, jakie informacje zbieramy i dlaczego?<\/p>\n\n\n\n<p><strong>KOMU DAJEMY DOST\u0118P DO DANYCH OSOBOWYCH?<\/strong><\/p>\n\n\n\n<p>Tylko pracownicy naszej firmy maj\u0105 dost\u0119p do danych osobowych zebranych za po\u015brednictwem SPACS_by_endutrition. Ponadto niekt\u00f3re powierzone osoby trzecie mog\u0105 wykorzystywa\u0107 Twoje dane osobowe w celu dostarczenia zam\u00f3wionego towaru lub \u015bwiadczenia us\u0142ug.&nbsp;<\/p>\n\n\n\n<p>Osoby te podpisa\u0142y umow\u0119 o zachowaniu poufno\u015bci i nie mog\u0105 wykorzystywa\u0107 danych osobowych do innych cel\u00f3w. Informacje przekazane SPACS_by_endutrition nigdy nie b\u0119d\u0105 przekazywane ani sprzedawane osobom trzecim i nigdy nie rejestrujemy informacji wra\u017cliwych. (w przypadku zapisu oraz wyniku testu wydolno\u015bciowego jego zapis jest w\u0142asno\u015bci\u0105 klienta i mo\u017ce by\u0107 wykorzystany tylko i wy\u0142\u0105cznie za jego wczesniejsza zgod\u0105).&nbsp;<\/p>\n\n\n\n<p>Podczas zapisywania si\u0119 do naszego newslettera rejestrujemy Tw\u00f3j adres e-mail. Tw\u00f3j adres e-mail nie b\u0119dzie udost\u0119pniany innym osobom. Ch\u0119tnie poinformujemy Ci\u0119 o tym, jakie informacje na Tw\u00f3j temat przechowujemy. Je\u015bli chcesz otrzyma\u0107 kopi\u0119 tych informacji, napisz do nas e-mail na adres endutrition@gmail.com <a href=\"mailto:endutrition@gmail.com\">endutrition@gmail.com<\/a>&nbsp;&nbsp;<\/p>\n\n\n\n<p>Mo\u017ce to wi\u0105za\u0107 si\u0119 z niewielk\u0105 op\u0142at\u0105 administracyjn\u0105 maj\u0105c\u0105 na celu pokrycie koszt\u00f3w przes\u0142ania zarejestrowanych informacji. Nieprawid\u0142owe informacje mo\u017cna usun\u0105\u0107 lub zmieni\u0107.<\/p>\n\n\n\n<p><strong>CIASTECZKA ( COOKIES )<\/strong><\/p>\n\n\n\n<p>Plik cookie to ma\u0142y plik danych, kt\u00f3ry przechowujemy na  komputerze w celu \u015bledzenia Twojej wizyty na naszej stronie internetowej i rozpoznawania Twojego adresu IP (komputera). Pliki cookie s\u0105 niezb\u0119dne do prawid\u0142owego dzia\u0142ania witryny i pomagaj\u0105 nam uzyska\u0107 przegl\u0105d odwiedzin Twojej witryny, co pozwala nam na ci\u0105g\u0142\u0105 optymalizacj\u0119 i dostosowywanie&nbsp;<\/p>\n\n\n\n<p>Na przyk\u0142ad pliki cookie zapami\u0119tuj\u0105, co w\u0142o\u017cy\u0142e\u015b do koszyka podczas poprzednich wizyt, czy jeste\u015b zalogowany oraz jakiego j\u0119zyka i waluty wolisz u\u017cywa\u0107 na naszej stronie. Ponadto pliki cookie pomagaj\u0105 nam mierzy\u0107 ruch w witrynie, dzi\u0119ki czemu wiemy, ile\nos\u00f3b&nbsp;<\/p>\n\n\n\n<p>odwiedza nasz\u0105 witryn\u0119 internetow\u0105, aby\u015bmy mogli udokumentowa\u0107 to stronom, kt\u00f3re zamieszczaj\u0105 u nas reklamy. U\u017cywamy r\u00f3wnie\u017c plik\u00f3w cookie do targetowania reklam, aby\u015bmy mogli wy\u015bwietla\u0107 Ci reklamy, kt\u00f3re naszym zdaniem s\u0105 najtrafniejsze.<\/p>\n\n\n\n<p>Serdeczne pozdrowienia<\/p>\n\n\n\n<p>&nbsp; SPACS_by_endutrition&nbsp; TEAM&nbsp;<\/p>\n\n\n\n<div style=\"height:69px\" aria-hidden=\"true\" class=\"wp-block-spacer\"><\/div>","protected":false},"excerpt":{"rendered":"<p>At SPACS_by_endutrition we have the utmost respect for your desire to protect personal data online. We are aware of the need for suitable protection and responsible handling of all personal data we receive. We handle personal information in accordance with the current laws. &nbsp;If you find our privacy policies unacceptable, we ask you not to [&hellip;]<\/p>","protected":false},"author":1,"featured_media":0,"parent":0,"menu_order":0,"comment_status":"closed","ping_status":"closed","template":"","meta":{"slim_seo":{"title":"Privacy policy - Endutrition","description":"At SPACS_by_endutrition we have the utmost respect for your desire to protect personal data online. We are aware of the need for suitable protection and respons"},"footnotes":""},"class_list":["post-2219","page","type-page","status-publish","hentry"],"_links":{"self":[{"href":"https:\/\/endutrition.com\/pl\/wp-json\/wp\/v2\/pages\/2219","targetHints":{"allow":["GET"]}}],"collection":[{"href":"https:\/\/endutrition.com\/pl\/wp-json\/wp\/v2\/pages"}],"about":[{"href":"https:\/\/endutrition.com\/pl\/wp-json\/wp\/v2\/types\/page"}],"author":[{"embeddable":true,"href":"https:\/\/endutrition.com\/pl\/wp-json\/wp\/v2\/users\/1"}],"replies":[{"embeddable":true,"href":"https:\/\/endutrition.com\/pl\/wp-json\/wp\/v2\/comments?post=2219"}],"version-history":[{"count":6,"href":"https:\/\/endutrition.com\/pl\/wp-json\/wp\/v2\/pages\/2219\/revisions"}],"predecessor-version":[{"id":2265,"href":"https:\/\/endutrition.com\/pl\/wp-json\/wp\/v2\/pages\/2219\/revisions\/2265"}],"wp:attachment":[{"href":"https:\/\/endutrition.com\/pl\/wp-json\/wp\/v2\/media?parent=2219"}],"curies":[{"name":"wp","href":"https:\/\/api.w.org\/{rel}","templated":true}]}}