{"id":1456,"date":"2025-08-24T19:02:57","date_gmt":"2025-08-24T17:02:57","guid":{"rendered":"https:\/\/endutrition.com\/?post_type=product&#038;p=1456"},"modified":"2025-09-09T01:31:04","modified_gmt":"2025-09-08T23:31:04","slug":"vo2-master","status":"publish","type":"product","link":"https:\/\/endutrition.com\/pl\/produkt\/vo2-master\/","title":{"rendered":"VO2 Master"},"content":{"rendered":"<p><span style=\"font-weight: 400;\">VO2 Master to jedyny przeno\u015bny i \u0142atwy w u\u017cyciu analizator VO2 na \u015bwiecie. To narz\u0119dzie do przeprowadzania test\u00f3w metabolicznych w czasie realnego wysi\u0142ku fizycznego bez konieczno\u015bci warunk\u00f3w laboratoryjnych. Za pomoc\u0105 bezprzewodowej maski zbierane s\u0105 liczne parametry fizjologiczne kt\u00f3re nast\u0119pnie wy\u015bwietlane i gromadzone w czasie rzeczywistym od razu gotowe s\u0105 do analizy danych.<\/span><\/p>\n<p>&nbsp;<\/p>\n<p><span style=\"font-weight: 400;\">Wi\u0119kszo\u015b\u0107 sportowc\u00f3w wytrzyma\u0142o\u015bciowych powinno sp\u0119dza\u0107 70-80% swojego treningu w strefie aerobowej, czyli na intensywno\u015bci, kt\u00f3ra pozwala uk\u0142adowi sercowo-naczyniowemu i oddechowemu dostarcza\u0107 odpowiedni\u0105 ilo\u015b\u0107 tlenu (O2) do mi\u0119\u015bni, aby zapewni\u0107 ich wydajn\u0105 prac\u0119.<\/span><\/p>\n<p>&nbsp;<\/p>\n<p><span style=\"font-weight: 400;\">Najbardziej znan\u0105 metod\u0105 okre\u015blania spersonalizowanych stref treningowych jest okre\u015blenie VO2 max sportowca i obliczanie stref intensywno\u015bci na podstawie VO2 Max. Strefy treningowe mo\u017cna przedstawi\u0107 jako procent maksymalnego zu\u017cycia tlenu (VO2 Max) lub jako procent obci\u0105\u017cenia osi\u0105gni\u0119tego przy VO2Max. VO2 Max jest okre\u015blane przez monitorowanie t\u0119tna i zu\u017cycia tlenu podczas stopniowego testu krokowego do wyczerpania.\u00a0<\/span><\/p>\n<p>&nbsp;<\/p>\n<p><span style=\"font-weight: 400;\">W najprostszych wersjach testowania mo\u017cna je wykona\u0107 na bie\u017cni lub ergometrze rowerowym. Na podstawie VO2max mo\u017cesz nast\u0119pnie matematycznie okre\u015bli\u0107 swoje strefy treningowe lub u\u017cy\u0107 danych VO2 do okre\u015blenia stref t\u0119tna oraz Smo2 (z sensorem  Moxy )z du\u017co wi\u0119ksz\u0105 dok\u0142adno\u015bci\u0105.<\/span><\/p>\n<p>&nbsp;<\/p>\n<p><span style=\"font-weight: 400;\">Ponadto dane oddechowe zebrane przez VO2 Master Pro mog\u0105 dostarczy\u0107 jeszcze wi\u0119cej szczeg\u00f3\u0142\u00f3w, aby pom\u00f3c okre\u015bli\u0107 r\u00f3\u017cne obszary w kt\u00f3rych jest przestrze\u0144 do poprawy u zawodnika np. a wymierne korzy\u015bci przynios\u0142a okre\u015blona i sprecyzowana za pomoc\u0105 VO2 Master  intensywno\u015b\u0107 treningu.<\/span><\/p>\n<p>&nbsp;<\/p>\n<p><span style=\"font-weight: 400;\">VO2master = Automatyczne raportowanie z wynik\u00f3w test\u00f3w metabolicznych i wydolno\u015bciowych.<\/span><\/p>\n<p>&nbsp;<\/p>\n<p><span style=\"font-weight: 400;\">VO2 Mater zapewnia bezp\u0142atne i natychmiastowe raporty wydajno\u015bci, kt\u00f3re dostarczaj\u0105 niezb\u0119dnych wska\u017anik\u00f3w stref treningowych, warto\u015bci VO2 Max, t\u0119tna, RMR, a tak\u017ce wielu innych wykorzystywanych w optymalizacji treningu.\u00a0<\/span><\/p>\n<p>&nbsp;<\/p>\n<p><strong>Kristian Blummenfelt o VO2 Master<\/strong><\/p>\n<p><iframe title=\"YouTube video player\" src=\"https:\/\/www.youtube.com\/embed\/thhgNMoIr6E?si=FTW40nZfbhrIwq2K\" width=\"560\" height=\"315\" frameborder=\"0\" allowfullscreen=\"allowfullscreen\"><\/iframe><\/p>\n<p>&nbsp;<\/p>\n<p><span style=\"font-weight: 400;\">Wydajne i \u0142atwe gromadzenie danych zapewnia lepsze zrozumienie analizy wydolno\u015bci i metabolizmu, otwieraj\u0105c nowe mo\u017cliwo\u015bci.<\/span><\/p>\n<ul>\n<li><span style=\"font-weight: 400;\">VO2 Max i inne wska\u017aniki jak VT1 \/ FATmax , VT2\/ AT<\/span><\/li>\n<li><span style=\"font-weight: 400;\">Spoczynkowe tempo metabolizmu<\/span><\/li>\n<li><span style=\"font-weight: 400;\">Progi wentylacji<\/span><\/li>\n<li><span style=\"font-weight: 400;\">Strefy treningowe<\/span><\/li>\n<li><span style=\"font-weight: 400;\">Integracja z Garminem<\/span><\/li>\n<li><span style=\"font-weight: 400;\">Automatyczne kopie zapasowe lub lokalna pami\u0119\u0107 masowa<\/span><\/li>\n<li><span style=\"font-weight: 400;\">Coaching zdalny<\/span><\/li>\n<li><span style=\"font-weight: 400;\">Eksport CSV surowych danych<\/span><\/li>\n<li><span style=\"font-weight: 400;\">VO2 Master app.<\/span><\/li>\n<\/ul>\n<p><span style=\"font-weight: 400;\">Opakowanie zawiera:<\/span><\/p>\n<ul>\n<li style=\"font-weight: 400;\" aria-level=\"1\"><span style=\"font-weight: 400;\">Jednostka VO2 Master Pro<\/span><\/li>\n<li style=\"font-weight: 400;\" aria-level=\"1\"><span style=\"font-weight: 400;\">Twarda t\u0142uczona obudowa walizki<\/span><\/li>\n<li style=\"font-weight: 400;\" aria-level=\"1\"><span style=\"font-weight: 400;\">Ma\u0142a maska<\/span><\/li>\n<li style=\"font-weight: 400;\" aria-level=\"1\"><span style=\"font-weight: 400;\">Element  RMR<\/span><\/li>\n<li style=\"font-weight: 400;\" aria-level=\"1\"><span style=\"font-weight: 400;\">\u015aredni adapter u\u017cytkownika<\/span><\/li>\n<li style=\"font-weight: 400;\" aria-level=\"1\"><span style=\"font-weight: 400;\">Du\u017cy adapter u\u017cytkownika<\/span><\/li>\n<li style=\"font-weight: 400;\" aria-level=\"1\"><span style=\"font-weight: 400;\">50 filtr\u00f3w<\/span><\/li>\n<li style=\"font-weight: 400;\" aria-level=\"1\"><span style=\"font-weight: 400;\">5 baterii AAA<\/span><\/li>\n<li style=\"font-weight: 400;\" aria-level=\"1\"><span style=\"font-weight: 400;\">Skr\u00f3cone instrukcje obs\u0142ugi, gwarancja<\/span><\/li>\n<\/ul>\n<p><span style=\"font-weight: 400;\">Zakresy przep\u0142ywu element\u00f3w u\u017cytkownika:<\/span><\/p>\n<p><span style=\"font-weight: 400;\">Rozmiar Zakres otworu wentylacji [L\/min]<\/span><\/p>\n<ul>\n<li style=\"font-weight: 400;\" aria-level=\"1\"><span style=\"font-weight: 400;\">Rozmiar (RMR) 3-25<\/span><\/li>\n<li style=\"font-weight: 400;\" aria-level=\"1\"><span style=\"font-weight: 400;\">Rozmiar \u015aredni 30-160<\/span><\/li>\n<li style=\"font-weight: 400;\" aria-level=\"1\"><span style=\"font-weight: 400;\">Rozmiar Du\u017cy 40-220<\/span><\/li>\n<\/ul>\n<ul>\n<li style=\"font-weight: 400;\" aria-level=\"1\"><span style=\"font-weight: 400;\">Jednostki produkcyjne mog\u0105 nieznacznie r\u00f3\u017cni\u0107 si\u0119 wygl\u0105dem.<\/span><\/li>\n<li style=\"font-weight: 400;\" aria-level=\"1\"><span style=\"font-weight: 400;\">Ten produkt nie jest przeznaczony do \u017cadnego u\u017cytku medycznego. Przeznaczony jest do stosowania w sporcie.<\/span><\/li>\n<li style=\"font-weight: 400;\" aria-level=\"1\"><span style=\"font-weight: 400;\">Urz\u0105dzenia wysy\u0142ane poza Ameryk\u0119 P\u00f3\u0142nocn\u0105 nie s\u0105 dostarczane z bateriami.<\/span><\/li>\n<li style=\"font-weight: 400;\" aria-level=\"1\"><span style=\"font-weight: 400;\">Urz\u0105dzenie opatentowane<\/span><\/li>\n<\/ul>\n<p><span style=\"font-weight: 400;\">Jeste\u015bmy do\u015bwiadczonymi u\u017cytkownikami VO2 Master! Je\u015bli masz jakie\u015b konkretne pytania lub je\u015bli jest co\u015b konkretnego, co chcia\u0142by\u015b wiedzie\u0107 lub om\u00f3wi\u0107 na temat maski VO2 Master, nie wahaj si\u0119 zapyta\u0107, a my z przyjemno\u015bci\u0105 udzielimy wszelkich wskaz\u00f3wek lub informacji, kt\u00f3rych mo\u017cesz potrzebowa\u0107.<\/span><\/p>\n<p>&nbsp;<\/p>\n<p><span style=\"font-weight: 400;\">Mobil: +48 600 271 424, e-mail: <\/span><a href=\"mailto:endutrition@gmail.com\"><span style=\"font-weight: 400;\">endutrition@gmail.com<\/span><\/a><span style=\"font-weight: 400;\">, <\/span><a href=\"mailto:legalsport@o2.pl\"><span style=\"font-weight: 400;\">legalsport@o2.pl<\/span><\/a><\/p>","protected":false},"excerpt":{"rendered":"<p>VO2 Master to jedyny przeno\u015bny i \u0142atwy w u\u017cyciu analizator VO2 na \u015bwiecie. To narz\u0119dzie do przeprowadzania test\u00f3w metabolicznych w czasie realnego wysi\u0142ku fizycznego bez konieczno\u015bci warunk\u00f3w laboratoryjnych. Za pomoc\u0105 bezprzewodowej maski zbierane s\u0105 liczne parametry fizjologiczne kt\u00f3re nast\u0119pnie wy\u015bwietlane i gromadzone w czasie rzeczywistym od razu gotowe s\u0105 do analizy danych.<\/p>","protected":false},"featured_media":1460,"comment_status":"open","ping_status":"closed","template":"","meta":{"slim_seo":{"title":"VO2 Master - Endutrition","description":"VO2 Master\u00a0 is the world's most portable, affordable, and easy-to-use VO2 analyzer. The free phone app allows for Bluetooth data collection and easy sharing by"}},"product_brand":[],"product_cat":[56,48],"product_tag":[],"class_list":{"0":"post-1456","1":"product","2":"type-product","3":"status-publish","4":"has-post-thumbnail","6":"product_cat-partnership","7":"product_cat-sport-and-physiology-devices","9":"first","10":"instock","11":"shipping-taxable","12":"product-type-external"},"_links":{"self":[{"href":"https:\/\/endutrition.com\/pl\/wp-json\/wp\/v2\/product\/1456","targetHints":{"allow":["GET"]}}],"collection":[{"href":"https:\/\/endutrition.com\/pl\/wp-json\/wp\/v2\/product"}],"about":[{"href":"https:\/\/endutrition.com\/pl\/wp-json\/wp\/v2\/types\/product"}],"replies":[{"embeddable":true,"href":"https:\/\/endutrition.com\/pl\/wp-json\/wp\/v2\/comments?post=1456"}],"wp:featuredmedia":[{"embeddable":true,"href":"https:\/\/endutrition.com\/pl\/wp-json\/wp\/v2\/media\/1460"}],"wp:attachment":[{"href":"https:\/\/endutrition.com\/pl\/wp-json\/wp\/v2\/media?parent=1456"}],"wp:term":[{"taxonomy":"product_brand","embeddable":true,"href":"https:\/\/endutrition.com\/pl\/wp-json\/wp\/v2\/product_brand?post=1456"},{"taxonomy":"product_cat","embeddable":true,"href":"https:\/\/endutrition.com\/pl\/wp-json\/wp\/v2\/product_cat?post=1456"},{"taxonomy":"product_tag","embeddable":true,"href":"https:\/\/endutrition.com\/pl\/wp-json\/wp\/v2\/product_tag?post=1456"}],"curies":[{"name":"wp","href":"https:\/\/api.w.org\/{rel}","templated":true}]}}