{"id":1900,"date":"2025-08-24T19:00:40","date_gmt":"2025-08-24T17:00:40","guid":{"rendered":"https:\/\/endutrition.com\/?post_type=product&#038;p=1900"},"modified":"2025-09-09T01:31:17","modified_gmt":"2025-09-08T23:31:17","slug":"moxy-3-sensor-bundle","status":"publish","type":"product","link":"https:\/\/endutrition.com\/pl\/produkt\/moxy-3-sensor-bundle\/","title":{"rendered":"Moxy Monitor 3-Sensor Bundle"},"content":{"rendered":"<p><iframe title=\"YouTube video player\" src=\"https:\/\/www.youtube.com\/embed\/UaYfoIBc7xs?si=np-mslrKNuC2BSjK\" width=\"560\" height=\"315\" frameborder=\"0\" allowfullscreen=\"allowfullscreen\"><\/iframe><br \/>\n<span style=\"font-weight: 400;\">Monitorowanie tlenu w mi\u0119\u015bniach Moxy pomaga sportowcom uzyska\u0107 przewag\u0119 nad konkurencj\u0105. A my pomagamy trenerom doda\u0107 kolejne narz\u0119dzie do optymalizacji i indywidualizacji ich plan\u00f3w treningowych!<\/span><\/p>\n<p>&nbsp;<\/p>\n<p class=\"translation-block\">Czujnik Moxy to niewielki czujnik do noszenia na ciele, kt\u00f3ry wykorzystuje \u015bwiat\u0142o podczerwone do ci\u0105g\u0142ego monitorowania poziomu nasycenia tlenem (SmO\u2082) w mi\u0119\u015bniach sportowc\u00f3w podczas treningu.<\/p>\n<p>&nbsp;<\/p>\n<p><strong>Wiara w d\u0105\u017cenie do ludzkiej doskona\u0142o\u015bci<\/strong><\/p>\n<p>&nbsp;<\/p>\n<p><span style=\"font-weight: 400;\">Moxy Monitor jest u\u017cywany przez elitarnych sportowc\u00f3w, trener\u00f3w i uniwersytety na ca\u0142ym \u015bwiecie<\/span><\/p>\n<p>&nbsp;<\/p>\n<p><strong>Trenuj m\u0105drzej<\/strong><\/p>\n<p>&nbsp;<\/p>\n<p><span style=\"font-weight: 400;\">Pomagamy elitarnym sportowcom zoptymalizowa\u0107 ich trening, aby mogli osi\u0105gn\u0105\u0107 sw\u00f3j potencja\u0142 i osi\u0105gn\u0105\u0107 najlepsze wyniki.<\/span><\/p>\n<p>&nbsp;<\/p>\n<p><strong>Lepsze wyniki<\/strong><\/p>\n<p>&nbsp;<\/p>\n<p><span style=\"font-weight: 400;\">Moxy izoluje warstw\u0119 mi\u0119\u015bniow\u0105, aby mierzy\u0107 SmO2 w czasie rzeczywistym, dzi\u0119ki czemu spersonalizowane spostrze\u017cenia mog\u0105 by\u0107 stosowane w strategiach treningowych.<\/span><\/p>\n<p>&nbsp;<\/p>\n<p><strong>Osi\u0105gaj wi\u0119cej<\/strong><\/p>\n<p><span style=\"font-weight: 400;\">Moxy Monitor to sprawdzony spos\u00f3b pomiaru SmO2 w warstwie mi\u0119\u015bniowej, dzi\u0119ki czemu sportowcy i trenerzy mog\u0105 wyeliminowa\u0107 \u015blepe treningi i zoptymalizowa\u0107 wydajno\u015b\u0107.<\/span><\/p>\n<p>&nbsp;<\/p>\n<p><span style=\"font-weight: 400;\">Pomo\u017ce Ci w tym monitor MOXY SmO2:<\/span><\/p>\n<p><span style=\"font-weight: 400;\">A) okre\u015blenie stref tlenowych w oparciu o por\u00f3wnanie z innymi wcze\u015bniej okre\u015blonymi HR, FTP, CP itp,<\/span><\/p>\n<p><span style=\"font-weight: 400;\">B) dok\u0142adny pomiar czasu odpoczynku - odpoczynek po wysi\u0142ku i mi\u0119dzy wysi\u0142kami<\/span><\/p>\n<p><span style=\"font-weight: 400;\">C) w treningu hipoksyjnym<\/span><\/p>\n<p><span style=\"font-weight: 400;\">D) podczas treningu regeneracyjnego (aktywna regeneracja)<\/span><\/p>\n<p><span style=\"font-weight: 400;\">E) w procesach rehabilitacji i powrotu po urazie<\/span><\/p>\n<p><span style=\"font-weight: 400;\">F) w monitorowaniu adaptacji do wysi\u0142ku sportowca w procesie treningowym (poprawa wydolno\u015bci kr\u0105\u017ceniowo-oddechowej).<\/span><\/p>\n<p><span style=\"font-weight: 400;\">G) w rozwoju VO2max. Podczas \u0107wicze\u0144 VO2max, kt\u00f3re mo\u017cna dobrze zdefiniowa\u0107 za pomoc\u0105 Moxy. Minimalne plateau SmO2, kt\u00f3re mo\u017cna utrzyma\u0107 przez 3-5 minut intensywno\u015bci VO2Max. tj. je\u015bli na przyk\u0142ad minimalne plateau sportowca wynosi 20% SmO2, a danego dnia nie mo\u017ce osi\u0105gn\u0105\u0107 20% tylko na przyk\u0142ad 28% - jest to wska\u017anik zm\u0119czenia i okazja do zmiany jednostki treningowej lub planu. Spadek poni\u017cej 20% przy intensywno\u015bci VO2max b\u0119dzie wskazywa\u0142 na adaptacj\u0119 i post\u0119p.<\/span><\/p>\n<p><span style=\"font-weight: 400;\">H) z testami metabolicznymi VO2master mask. Dzi\u0119ki Moxy dok\u0142adne i bardziej precyzyjne okre\u015blenie profilu metabolicznego badanego i testowanego zawodnika.<\/span><\/p>\n<p><span style=\"font-weight: 400;\">I) Moxy wsp\u00f3\u0142pracuje z popularnymi testerami sportowymi, komputerami i zegarkami takich firm jak Garmin. Wahoo Sunto,monitor dzia\u0142a w technologiach ANT+ Compatibility i Bluetooth Compatibility.<\/span><\/p>\n<p><span style=\"font-weight: 400;\">J) Moxy jest w pe\u0142ni wodoodporny, dzi\u0119ki czemu mo\u017ce by\u0107 u\u017cywany podczas trening\u00f3w p\u0142ywackich w wodach otwartych, jak r\u00f3wnie\u017c na basenie.<\/span><\/p>\n<p>&nbsp;<\/p>\n<p><span style=\"font-weight: 400;\">Aby uzyska\u0107 wi\u0119cej informacji, skontaktuj si\u0119 z nami bezpo\u015brednio lub odwied\u017a stron\u0119 internetow\u0105\u00a0<\/span><a href=\"https:\/\/www.moxymonitor.com\/\"><span style=\"font-weight: 400;\">https:\/\/www.moxymonitor.com\/<\/span><\/a><\/p>\n<p>&nbsp;<\/p>\n<p><span style=\"font-weight: 400;\">Sprawd\u017a zar\u00f3wno ten link do naszego\u00a0<\/span><a href=\"https:\/\/my.moxymonitor.com\/e3t\/Ctc\/RA+113\/c1bH-04\/VWwC6G8_7K73W3FKc6L25xp5bW2x7JLQ4VS5pCN7Hm8xf3lLBmV1-WJV7CgSpNW2YzX1L9kYYMSW3nYDP43Nm11dW3HtxY_4MxPYXV3KnTB201hM4W2ZDPTG2x1PL-W7bJd2W8HcFckW2rBSPk3JG2XzW4BGJHf20t8dzW5W-rw09flXChW1wtVlX1yPnRGW5-Ytj01Bn7LyN54H8Gy1t_ZrN4dfjWMSvLGcVXl5bx1QfWz9Vg7kMN7ww72FW4HK64P6D7pr5W3qbJYp1tNTvTW5fDkkl4_lqgLW74W8CF1vpKqcN7MCv7jCqd44N3CQNj3_m1ngVtDH2n6x-J6j3nnB1\"><span style=\"font-weight: 400;\">welcome video<\/span><\/a><span style=\"font-weight: 400;\">\u00a0jak i ten\u00a0<\/span><a href=\"https:\/\/my.moxymonitor.com\/e3t\/Ctc\/RA+113\/c1bH-04\/VWwC6G8_7K73W3FKc6L25xp5bW2x7JLQ4VS5pCN7Hm8xf3lLBmV1-WJV7CgYTXW3zzysG64KmP1W3TRXVJ6q7WDwW2J0GMD6C0TkwVRrXXf6NWgpWW2pNhV_8-1dDTW8ptQcn1VrT_gN3fF0gW-3WydW2GG4mC46BzxdN5pcDKGy-sxVW5Wq0KQ6FjQcpW6LKFMC6lFZzqW8HVc3D7ZZMgbW38DP5H6g-hlXW42k_qC1H8Fv2W3FDG038SBq39W2_JNZM7N2WSVW8Ndt3R1DdchcW4cw2wT4ksHC-W2sMc397zWW4zW8DTd_x2wMRNRW5GnLSB72L8y4W92z5jY34wrNW3q4c1\"><span style=\"font-weight: 400;\">Muscle Oxygen Monitoring ebook<\/span><\/a><span style=\"font-weight: 400;\">\u00a0aby zrozumie\u0107, w jaki spos\u00f3b mo\u017cemy dopasowa\u0107 si\u0119 do Twojego planu poprawy wydajno\u015bci.<\/span><\/p>\n<p>&nbsp;<\/p>\n<p><span style=\"font-weight: 400;\">Jeste\u015bmy do\u015bwiadczonymi u\u017cytkownikami monitora SMO2 MOXY, je\u015bli masz jakie\u015b konkretne pytania lub co\u015b konkretnego, co chcia\u0142by\u015b wiedzie\u0107 lub om\u00f3wi\u0107 na temat MOXY, \u015bmia\u0142o pytaj, a my z przyjemno\u015bci\u0105 pomo\u017cemy Ci z wszelkimi wskaz\u00f3wkami lub informacjami, kt\u00f3rych potrzebujesz.<\/span><\/p>\n<p>&nbsp;<\/p>\n<p><span style=\"font-weight: 400;\">Kontakt: <\/span><a href=\"mailto:legalsport@o2.pl\"><span style=\"font-weight: 400;\">legalsport@o2.pl<\/span><\/a><span style=\"font-weight: 400;\"> , <\/span><a href=\"mailto:endutrition@gmail.com\"><span style=\"font-weight: 400;\">endutrition@gmail.com<\/span><\/a><span style=\"font-weight: 400;\">\u00a0<\/span><\/p>\n<p><span style=\"font-weight: 400;\">Phone: +48 600 271 424<\/span><\/p>","protected":false},"excerpt":{"rendered":"<p>Moxy Muscle Oxygen Monitoring is helping athletes gain a competitive edge. And we\u2019re helping trainers add another tool to optimize and individualize their training plans!<\/p>","protected":false},"featured_media":1902,"comment_status":"open","ping_status":"closed","template":"","meta":{"slim_seo":{"title":"Moxy Monitor 3-Sensor Bundle - Endutrition","description":"Moxy Muscle Oxygen Monitoring is helping athletes gain a competitive edge. And we\u2019re helping trainers add another tool to optimize and individualize their train"}},"product_brand":[],"product_cat":[56,48],"product_tag":[],"class_list":{"0":"post-1900","1":"product","2":"type-product","3":"status-publish","4":"has-post-thumbnail","6":"product_cat-partnership","7":"product_cat-sport-and-physiology-devices","9":"first","10":"instock","11":"shipping-taxable","12":"product-type-external"},"_links":{"self":[{"href":"https:\/\/endutrition.com\/pl\/wp-json\/wp\/v2\/product\/1900","targetHints":{"allow":["GET"]}}],"collection":[{"href":"https:\/\/endutrition.com\/pl\/wp-json\/wp\/v2\/product"}],"about":[{"href":"https:\/\/endutrition.com\/pl\/wp-json\/wp\/v2\/types\/product"}],"replies":[{"embeddable":true,"href":"https:\/\/endutrition.com\/pl\/wp-json\/wp\/v2\/comments?post=1900"}],"wp:featuredmedia":[{"embeddable":true,"href":"https:\/\/endutrition.com\/pl\/wp-json\/wp\/v2\/media\/1902"}],"wp:attachment":[{"href":"https:\/\/endutrition.com\/pl\/wp-json\/wp\/v2\/media?parent=1900"}],"wp:term":[{"taxonomy":"product_brand","embeddable":true,"href":"https:\/\/endutrition.com\/pl\/wp-json\/wp\/v2\/product_brand?post=1900"},{"taxonomy":"product_cat","embeddable":true,"href":"https:\/\/endutrition.com\/pl\/wp-json\/wp\/v2\/product_cat?post=1900"},{"taxonomy":"product_tag","embeddable":true,"href":"https:\/\/endutrition.com\/pl\/wp-json\/wp\/v2\/product_tag?post=1900"}],"curies":[{"name":"wp","href":"https:\/\/api.w.org\/{rel}","templated":true}]}}