{"id":1932,"date":"2025-07-05T16:53:32","date_gmt":"2025-07-05T14:53:32","guid":{"rendered":"https:\/\/endutrition.com\/?post_type=product&#038;p=1932"},"modified":"2025-09-01T23:21:05","modified_gmt":"2025-09-01T21:21:05","slug":"core-body-temperature-sensor-5pcs","status":"publish","type":"product","link":"https:\/\/endutrition.com\/pl\/produkt\/core-body-temperature-sensor-5pcs\/","title":{"rendered":"Sensor CORE Body TemperatureZestaw 5 SZT."},"content":{"rendered":"<p><b>Czujnik temperatury cia\u0142a CORE to \u0142atwe w u\u017cyciu urz\u0105dzenie do noszenia ze szwajcarsk\u0105 technologi\u0105 czujnik\u00f3w, kt\u00f3re mo\u017ce monitorowa\u0107 i dostarcza\u0107 w czasie rzeczywistym dok\u0142adne dane dotycz\u0105ce temperatury cia\u0142a.<\/b><\/p>\n<p><b><i>Jeste\u015bmy u\u017cytkownikami i praktykami (CBT) CORE BODY TEMPERATURE sensor.\u00a0<\/i><\/b><\/p>\n<p><b><i>Dlatego nie wahaj si\u0119 z nami skontaktowa\u0107, aby\u015bmy mogli zapozna\u0107 Ci\u0119 z najbardziej przydatnymi wskaz\u00f3wkami i pokaza\u0107 Ci w pe\u0142ni jego mo\u017cliwo\u015bci i m\u00f3c cieszy\u0107 si\u0119 jego zakupem.<\/i><\/b><\/p>\n<p><b>Jak korzysta\u0107 z danych temperatury CORE podczas trening\u00f3w i wy\u015bcig\u00f3w?<\/b><\/p>\n<p><b>Gdy si\u0119 nagrzewasz, twoja moc spada!\u00a0<\/b><\/p>\n<p><span style=\"font-weight: 400;\">Im wi\u0119cej wiesz o swojej indywidualnej temperaturze cia\u0142a, tym lepiej mo\u017cesz trenowa\u0107 i \u015bciga\u0107 si\u0119. Czujnik CORE eliminuje konieczno\u015b\u0107 zgadywania, dzi\u0119ki czemu trening i wy\u015bcigi s\u0105 lepiej dopasowane do Ciebie i bardziej efektywne.<\/span><\/p>\n<p class=\"translation-block\"><b>For sports and athletic activity<\/b><span style=\"font-weight: 400;\">, it is recommended to pair the CORE sensor with a heart rate monitor as it helps deliver greater temperature accuracy during sports and high intensity activity.<\/span><\/p>\n<p><span style=\"font-weight: 400;\">Aby uzyska\u0107 najlepsze wyniki, czujnik CORE nale\u017cy umie\u015bci\u0107 z boku tu\u0142owia. Dla wygody podczas aktywno\u015bci sportowej najlepiej przypi\u0105\u0107 go do pasa piersiowego lub biustonosza sportowego.<\/span><\/p>\n<p><span style=\"font-weight: 400;\">Do codziennej aktywno\u015bci i podczas snu mo\u017cna stosowa\u0107 plastry samoprzylepne klasy medycznej, kt\u00f3re mo\u017cna r\u00f3wnie\u017c przypi\u0105\u0107 do biustonosza.<\/span><\/p>\n<p><span style=\"font-weight: 400;\">Chocia\u017c czujnik CORE mo\u017cna nosi\u0107 na ramieniu za pomoc\u0105 paska na rami\u0119, dok\u0142adno\u015b\u0107 b\u0119dzie ni\u017csza ni\u017c w przypadku umieszczenia go na tu\u0142owiu zgodnie z zaleceniami.<\/span><\/p>\n<p><span style=\"font-weight: 400;\">Pod pokryw\u0105 czujnik CORE jest zbudowany z innowacyjnego czujnika transferu energii cieplnej i wykorzystuje moc algorytmu sztucznej inteligencji zbudowanego z ponad miliarda punkt\u00f3w danych. Moc uczenia maszynowego oznacza, \u017ce czujnik CORE mo\u017ce by\u0107 stale optymalizowany.<\/span><\/p>\n<p><b>Jak dzia\u0142a czujnik CORE?<\/b><\/p>\n<p><span style=\"font-weight: 400;\">Podczas gdy inne rodzaje termometr\u00f3w do noszenia na ciele rejestruj\u0105 tylko temperatur\u0119 sk\u00f3ry, czujnik CORE zawiera ma\u0142y \"czujnik transferu energii cieplnej\", kt\u00f3ry wykrywa ciep\u0142o przemieszczaj\u0105ce si\u0119 z lub do cia\u0142a. Jest ono przetwarzane przez wbudowany algorytm w celu obliczenia temperatury cia\u0142a w czasie rzeczywistym.<\/span><\/p>\n<p><b>Wi\u0119cej informacji na temat korzystania z danych z czujnik\u00f3w CORE mo\u017cna znale\u017a\u0107 w poni\u017cszych linkach:<\/b><\/p>\n<p><a href=\"https:\/\/corebodytemp.com\/pages\/how-to-use-core-temperature-data-for-training-and-racing\"><span style=\"font-weight: 400;\">https:\/\/corebodytemp.com\/pages\/how-to-use-core-temperature-data-for-training-and-racing<\/span><\/a><\/p>\n<p><span style=\"font-weight: 400;\">Dane z czujnika CORE s\u0105 pobierane do dedykowanych aplikacji dost\u0119pnych na popularnych smartfonach z systemami operacyjnymi iOS i Android, a tak\u017ce aplikacji dost\u0119pnych dla niekt\u00f3rych smartwatchy firm Garmin, Wahoo, Apple lub z systemem operacyjnym Wear OS. W przypadku zegark\u00f3w sportowych Garmin u\u017cywana jest aplikacja Garmin ConnectIQ. Czujnik CORE wsp\u00f3\u0142pracuje bezproblemowo z komputerami i zegarkami Wahoo Fitness, a tak\u017ce zegarkami COROS.<\/span><\/p>\n<p><span style=\"font-weight: 400;\">Pomiar CBT jest dost\u0119pny do analizy w aplikacji TREININGPEAKS.<\/span><\/p>\n<p><span style=\"font-weight: 400;\">Czujniki CORE BT s\u0105 oficjalnie u\u017cywane mi\u0119dzy innymi przez zespo\u0142y PRO Tour:<\/span><\/p>\n<p><span style=\"font-weight: 400;\">\u00a0\u00a0\u00a0\u00a0 BORA-Hansgrohe<\/span><\/p>\n<p><span style=\"font-weight: 400;\">\u00a0\u00a0\u00a0\u00a0 Quick-Step Alpha Vinyl<\/span><\/p>\n<p><span style=\"font-weight: 400;\">\u00a0\u00a0\u00a0\u00a0 TeamMovistar Team<\/span><\/p>\n<p><span style=\"font-weight: 400;\">\u00a0\u00a0\u00a0\u00a0 Trek &#8211; Segafredo<\/span><\/p>\n<p><span style=\"font-weight: 400;\">\u00a0\u00a0\u00a0\u00a0 Lotto Soudal<\/span><\/p>\n<p><span style=\"font-weight: 400;\">\u00a0\u00a0\u00a0\u00a0 INEOS Grenadiers<\/span><\/p>\n<p><span style=\"font-weight: 400;\">\u00a0\u00a0\u00a0\u00a0 Astana Qazaqstan Team<\/span><\/p>\n<p><span style=\"font-weight: 400;\">\u00a0\u00a0\u00a0\u00a0 Roland Cogeas Edelweiss Squad<\/span><\/p>\n<p><span style=\"font-weight: 400;\">\u00a0\u00a0\u00a0\u00a0 Ceratizit-WNT Pro Cycling<\/span><\/p>\n<p><span style=\"font-weight: 400;\">\u00a0\u00a0\u00a0\u00a0 CANYON\/\/SRAM Racing<\/span><\/p>\n<p><span style=\"font-weight: 400;\">Sportowcy triathlonowi:<\/span><\/p>\n<p><span style=\"font-weight: 400;\">\u00a0\u00a0\u00a0\u00a0 Kristian Blummenfelt<\/span><\/p>\n<p><span style=\"font-weight: 400;\">\u00a0\u00a0\u00a0\u00a0 Gustav Iden<\/span><\/p>\n<p><span style=\"font-weight: 400;\">\u00a0\u00a0\u00a0\u00a0 Alistair Brownlee<\/span><\/p>\n<p><span style=\"font-weight: 400;\">\u00a0\u00a0\u00a0 Jan Frodeno and others.<\/span><\/p>\n<p><span style=\"font-weight: 400;\">Jeste\u015bmy do\u015bwiadczonymi u\u017cytkownikami czujnik\u00f3w temperatury cia\u0142a. Je\u015bli masz jakie\u015b konkretne pytania lub cokolwiek konkretnego chcia\u0142by\u015b wiedzie\u0107 lub om\u00f3wi\u0107 na temat temperatury cia\u0142a, nie wahaj si\u0119 zapyta\u0107, a my z przyjemno\u015bci\u0105 udzielimy wszelkich porad lub informacji, kt\u00f3rych mo\u017cesz potrzebowa\u0107.<\/span><\/p>\n<p><span style=\"font-weight: 400;\">Prosimy o kontakt:\u00a0<\/span><\/p>\n<p><a href=\"mailto:endutrition@gmail.com\"><span style=\"font-weight: 400;\">endutrition@gmail.com<\/span><\/a><span style=\"font-weight: 400;\"> , <\/span><a href=\"mailto:legalsport@o2.pl\"><span style=\"font-weight: 400;\">legalsport@o2.pl<\/span><\/a><span style=\"font-weight: 400;\">\u00a0<\/span><\/p>\n<p><span style=\"font-weight: 400;\">Mobil: +48 600 271 424<\/span><\/p>","protected":false},"excerpt":{"rendered":"<h3><strong>Kup pakiet 5 sztuk i zaoszcz\u0119d\u017a ponad 16% od ceny regularnej!<\/strong><\/h3>\n<p><b>Czujnik temperatury cia\u0142a CORE to \u0142atwe w u\u017cyciu urz\u0105dzenie do noszenia ze szwajcarsk\u0105 technologi\u0105 czujnik\u00f3w, kt\u00f3re mo\u017ce monitorowa\u0107 i dostarcza\u0107 w czasie rzeczywistym dok\u0142adne dane dotycz\u0105ce temperatury cia\u0142a.<\/b><\/p>","protected":false},"featured_media":2462,"comment_status":"open","ping_status":"closed","template":"","meta":{"slim_seo":{"title":"CORE Body Temperature Sensor 5PCS Bundle - Endutrition","description":"Buy 5pcs bundle and save over 16% off the regular price! The CORE Body Temperature Sensor is an easy-to-use, wearable device with Swiss-Made sensor technology t"}},"product_brand":[],"product_cat":[48],"product_tag":[],"class_list":{"0":"post-1932","1":"product","2":"type-product","3":"status-publish","4":"has-post-thumbnail","6":"product_cat-sport-and-physiology-devices","8":"first","9":"instock","10":"sale","11":"shipping-taxable","12":"purchasable","13":"product-type-simple"},"_links":{"self":[{"href":"https:\/\/endutrition.com\/pl\/wp-json\/wp\/v2\/product\/1932","targetHints":{"allow":["GET"]}}],"collection":[{"href":"https:\/\/endutrition.com\/pl\/wp-json\/wp\/v2\/product"}],"about":[{"href":"https:\/\/endutrition.com\/pl\/wp-json\/wp\/v2\/types\/product"}],"replies":[{"embeddable":true,"href":"https:\/\/endutrition.com\/pl\/wp-json\/wp\/v2\/comments?post=1932"}],"wp:featuredmedia":[{"embeddable":true,"href":"https:\/\/endutrition.com\/pl\/wp-json\/wp\/v2\/media\/2462"}],"wp:attachment":[{"href":"https:\/\/endutrition.com\/pl\/wp-json\/wp\/v2\/media?parent=1932"}],"wp:term":[{"taxonomy":"product_brand","embeddable":true,"href":"https:\/\/endutrition.com\/pl\/wp-json\/wp\/v2\/product_brand?post=1932"},{"taxonomy":"product_cat","embeddable":true,"href":"https:\/\/endutrition.com\/pl\/wp-json\/wp\/v2\/product_cat?post=1932"},{"taxonomy":"product_tag","embeddable":true,"href":"https:\/\/endutrition.com\/pl\/wp-json\/wp\/v2\/product_tag?post=1932"}],"curies":[{"name":"wp","href":"https:\/\/api.w.org\/{rel}","templated":true}]}}