{"id":1938,"date":"2023-09-05T22:21:38","date_gmt":"2023-09-05T20:21:38","guid":{"rendered":"https:\/\/endutrition.com\/?post_type=product&#038;p=1938"},"modified":"2025-09-08T21:49:53","modified_gmt":"2025-09-08T19:49:53","slug":"sonr-dual-receiver-pack","status":"publish","type":"product","link":"https:\/\/endutrition.com\/pl\/produkt\/sonr-dual-receiver-pack\/","title":{"rendered":"SONR Zestaw z podw\u00f3jnym odbiornikiem"},"content":{"rendered":"<h3><span style=\"font-weight: 400;\">Odkryj komunikator p\u0142ywacki SONR idealne narz\u0119dzie podczas treningu oraz nauki p\u0142ywania pomagaj\u0105ce trenerom w komunikacji z zawodnikiem w czasie rzeczywistym.\u00a0<\/span><\/h3>\n<p>&nbsp;<\/p>\n<table>\n<tbody>\n<tr>\n<td><span style=\"font-weight: 400;\">Trening bez krzyku jest mo\u017cliwy.<\/span><\/td>\n<\/tr>\n<tr>\n<td><span style=\"font-weight: 400;\">Teraz trenerzy mog\u0105 instruowa\u0107 p\u0142ywak\u00f3w w czasie rzeczywistym bez konieczno\u015bci czekania, a\u017c p\u0142ywak sko\u0144czy zadanie lub dop\u0142ynie do brzegu.<\/span><\/td>\n<\/tr>\n<tr>\n<td><span style=\"font-weight: 400;\">Teraz p\u0142ywacy s\u0142ysz\u0105 swojego trenera pod wod\u0105<\/span><\/td>\n<\/tr>\n<tr>\n<td><span style=\"font-weight: 400;\">Sesje szkoleniowe z SONR - pro s\u0105 bardziej efektywne i skuteczne.<\/span><\/td>\n<\/tr>\n<tr>\n<td><span style=\"font-weight: 400;\">Trening w czasie rzeczywistym zwi\u0119ksza efektywno\u015b\u0107 i pozwala zaoszcz\u0119dzi\u0107 cenny czas sesji p\u0142ywackiej  oraz przyspiesza progres a tym samym pomaga w komunikacji trener - zawodnik<\/span><\/td>\n<\/tr>\n<tr>\n<td><span style=\"font-weight: 400;\">odbiornik kt\u00f3ry na gumce od okular\u00f3w  lub pod czepkiem nosi p\u0142ywak.<\/span><\/td>\n<\/tr>\n<tr>\n<td><span style=\"font-weight: 400;\">Trenerze od dzisiaj nie musisz ju\u017c krzycze\u0107, gdy\u017c p\u0142ywacy i tak ci\u0119 us\u0142ysz\u0105<\/span><\/td>\n<\/tr>\n<\/tbody>\n<\/table>\n<p>&nbsp;<\/p>\n<p><iframe title=\"YouTube video player\" src=\"https:\/\/www.youtube.com\/embed\/kwwC2q_ipBU?si=_2XfoMcdT_I-teG7\" width=\"560\" height=\"315\" frameborder=\"0\" allowfullscreen=\"allowfullscreen\"><\/iframe><br \/>\n<span style=\"font-weight: 400;\">S\u0142uchaj pod wod\u0105 i naucz si\u0119 p\u0142ywa\u0107 szybciej.<\/span><\/p>\n<p><span style=\"font-weight: 400;\">Poznaj SONR - innowacyjny system komunikacji.<\/span><\/p>\n<p><span style=\"font-weight: 400;\">Zestaw s\u0142uchawkowy trenera p\u0142ywania w czasie rzeczywistym<\/span><\/p>\n<p><span style=\"font-weight: 400;\">Nie musisz ju\u017c krzycze\u0107, p\u0142ywacy i tak ci\u0119 us\u0142ysz\u0105.<\/span><\/p>\n<p><span style=\"font-weight: 400;\">Wcze\u015bniej p\u0142ywacy nie s\u0142yszeli trenera, poniewa\u017c ich uszy znajdowa\u0142y si\u0119 pod wod\u0105.<\/span><\/p>\n<p><span style=\"font-weight: 400;\">Teraz p\u0142ywacy s\u0142ysz\u0105 ka\u017cde s\u0142owo trenera dzi\u0119ki SONR. To jest to, czego szukasz, prawda?\u00a0<\/span><\/p>\n<p><span style=\"font-weight: 400;\">Technologia przewodnictwa kostnego pozwala p\u0142ywakowi s\u0142ysze\u0107 g\u0142os trenera znajduj\u0105cego si\u0119 pod wod\u0105.<\/span><\/p>\n<p><span style=\"font-weight: 400;\">Trener mo\u017ce skorygowa\u0107 ruchy p\u0142ywaka w odpowiednim momencie.\u00a0<\/span><\/p>\n<p><span style=\"font-weight: 400;\">Po\u0142\u0105czenie z nieograniczon\u0105 liczb\u0105 urz\u0105dze\u0144 SONR za pomoc\u0105 jednego radiotelefonu.<\/span><\/p>\n<p><span style=\"font-weight: 400;\">Zarz\u0105dzaj ca\u0142ymi zespo\u0142ami w czasie rzeczywistym na 6 r\u00f3\u017cnych kana\u0142ach. Prze\u0142\u0105czaj kana\u0142y w radiu i rozmawiaj ze wszystkimi p\u0142ywakami jednocze\u015bnie, z jednym z nich lub podziel ich na grupy.<\/span><\/p>\n<p><span style=\"font-weight: 400;\">Z systemu SONR mo\u017ce korzysta\u0107 do 5 trener\u00f3w jednocze\u015bnie na tym samym basenie.<\/span><\/p>\n<p><span style=\"font-weight: 400;\">Czy mo\u017cesz uwierzy\u0107, \u017ce dodatkowo z SONR mo\u017cesz najskuteczniej p\u0142ywa\u0107 w wodach otwartych?<\/span><\/p>\n<p><span style=\"font-weight: 400;\">Tego lata odkryj innowacyjny spos\u00f3b trenowania p\u0142ywania w wodach otwartych i ciesz si\u0119 nim, na przyk\u0142ad s\u0142uchaj\u0105c muzyki SONR podczas p\u0142ywania.<\/span><\/p>\n<p><span style=\"font-weight: 400;\">Odleg\u0142o\u015b\u0107 nie jest ju\u017c przeszkod\u0105, poniewa\u017c SONR pozwala rozmawia\u0107 z p\u0142ywakami w czasie rzeczywistym.<\/span><\/p>\n<p><span style=\"font-weight: 400;\">Przekazuj instrukcje, poprawki i informacje zwrotne stoj\u0105c na brzegu, obserwuj szybsze post\u0119py swoich p\u0142ywak\u00f3w.<\/span><\/p>\n<p><span style=\"font-weight: 400;\">Odleg\u0142o\u015b\u0107 - do 300 m<\/span><\/p>\n<p><span style=\"font-weight: 400;\">Pod wod\u0105 - do 1 m<\/span><\/p>\n<p><span style=\"font-weight: 400;\">Komunikacja w czasie rzeczywistym<\/span><\/p>\n<p><span style=\"font-weight: 400;\">Niezatapialny i lekki<\/span><\/p>\n<p>&nbsp;<\/p>\n<p><span style=\"font-weight: 400;\">Jeste\u015bmy do\u015bwiadczonymi u\u017cytkownikami komunikatora SONR Pro. Je\u015bli masz jakie\u015b konkretne pytania lub co\u015b konkretnego chcia\u0142by\u015b wiedzie\u0107 lub om\u00f3wi\u0107 na temat SONR, \u015bmia\u0142o pytaj, a my z przyjemno\u015bci\u0105 pomo\u017cemy Ci z wszelkimi wskaz\u00f3wkami lub informacjami, kt\u00f3rych potrzebujesz.<\/span><\/p>\n<p>&nbsp;<\/p>\n<p><span style=\"font-weight: 400;\">Aby uzyska\u0107 najlepsz\u0105 aktualn\u0105 ofert\u0119 cenow\u0105, skontaktuj si\u0119 z nami bezpo\u015brednio:<\/span><\/p>\n<p><span style=\"font-weight: 400;\">e-mail <\/span><a href=\"mailto:legalsport@o2.pl\"><span style=\"font-weight: 400;\">legalsport@o2.pl<\/span><\/a><span style=\"font-weight: 400;\"> , <\/span><a href=\"mailto:endutrition@gmail.com\"><span style=\"font-weight: 400;\">endutrition@gmail.com<\/span><\/a><span style=\"font-weight: 400;\">\u00a0 or call\u00a0 +48 600 271 424<\/span><\/p>\n<p><span style=\"font-weight: 400;\">Wi\u0119cej informacji na stronie: <\/span><a href=\"https:\/\/www.sonr.pro\/\"><span style=\"font-weight: 400;\">https:\/\/www.sonr.pro\/<\/span><\/a><\/p>","protected":false},"excerpt":{"rendered":"<div class=\"option-description\">Podw\u00f3jny zestaw sk\u0142adaj\u0105cy si\u0119 z dw\u00f3ch odbiornik\u00f3w i nadajnika radiowego.<\/div>\n<p>SONR to noszony na ciele odbiornik radiowy dla p\u0142ywak\u00f3w, kt\u00f3ry pozwala trenerowi poprawi\u0107 ich technik\u0119 podczas treningu, nawet gdy g\u0142owa p\u0142ywaka znajduje si\u0119 pod wod\u0105. Ma kszta\u0142t dysku i jest umieszczony pod czepkiem p\u0142ywackim, aby s\u0142ysze\u0107 g\u0142os trenera.<\/p>\n<div class=\"specific-size-description w-richtext\">\n<p><strong>Opakowanie zawiera:<\/strong><\/p>\n<p><strong>Odbiornik SONR x 2<\/strong><\/p>\n<p>Klips do gogli x 2<\/p>\n<p>Kabel do \u0142adowania x 2<\/p>\n<p>S\u0142uchawki do uszu x 2<\/p>\n<p><strong>Transmiter radiowy x 1<\/strong><\/p>\n<p>\u0141adowarka do transmitera x 1<\/p>\n<p>Instrukcja obs\u0142ugi x 1<\/p>\n<\/div>","protected":false},"featured_media":1939,"comment_status":"open","ping_status":"closed","template":"","meta":{"slim_seo":{"title":"SONR Dual Receiver Pack - Endutrition","description":"The dual set consisting of two receivers and radio transmitter. SONR is a wearable radio receiver for swimmers, which allows the coach to improve their techniqu"}},"product_brand":[],"product_cat":[48],"product_tag":[],"class_list":{"0":"post-1938","1":"product","2":"type-product","3":"status-publish","4":"has-post-thumbnail","6":"product_cat-sport-and-physiology-devices","8":"first","9":"instock","10":"shipping-taxable","11":"purchasable","12":"product-type-simple"},"_links":{"self":[{"href":"https:\/\/endutrition.com\/pl\/wp-json\/wp\/v2\/product\/1938","targetHints":{"allow":["GET"]}}],"collection":[{"href":"https:\/\/endutrition.com\/pl\/wp-json\/wp\/v2\/product"}],"about":[{"href":"https:\/\/endutrition.com\/pl\/wp-json\/wp\/v2\/types\/product"}],"replies":[{"embeddable":true,"href":"https:\/\/endutrition.com\/pl\/wp-json\/wp\/v2\/comments?post=1938"}],"wp:featuredmedia":[{"embeddable":true,"href":"https:\/\/endutrition.com\/pl\/wp-json\/wp\/v2\/media\/1939"}],"wp:attachment":[{"href":"https:\/\/endutrition.com\/pl\/wp-json\/wp\/v2\/media?parent=1938"}],"wp:term":[{"taxonomy":"product_brand","embeddable":true,"href":"https:\/\/endutrition.com\/pl\/wp-json\/wp\/v2\/product_brand?post=1938"},{"taxonomy":"product_cat","embeddable":true,"href":"https:\/\/endutrition.com\/pl\/wp-json\/wp\/v2\/product_cat?post=1938"},{"taxonomy":"product_tag","embeddable":true,"href":"https:\/\/endutrition.com\/pl\/wp-json\/wp\/v2\/product_tag?post=1938"}],"curies":[{"name":"wp","href":"https:\/\/api.w.org\/{rel}","templated":true}]}}