{"id":2314,"date":"2025-08-24T18:47:37","date_gmt":"2025-08-24T16:47:37","guid":{"rendered":"https:\/\/endutrition.com\/?post_type=product&#038;p=2314"},"modified":"2025-09-01T23:22:00","modified_gmt":"2025-09-01T21:22:00","slug":"vitalpro-strap-tyme-wear","status":"publish","type":"product","link":"https:\/\/endutrition.com\/pl\/produkt\/vitalpro-strap-tyme-wear\/","title":{"rendered":"Opaska VitalPro \u2013 Tyme Wear\u2122"},"content":{"rendered":"<p><strong> <a href=\"https:\/\/endutrition.com\/wp-content\/uploads\/2025\/08\/IMG_3142.jpeg\"><img fetchpriority=\"high\" decoding=\"async\" class=\"alignnone  wp-image-2317\" src=\"https:\/\/endutrition.com\/wp-content\/uploads\/2025\/08\/IMG_3142-300x294.jpeg\" alt=\"\" width=\"534\" height=\"524\" srcset=\"https:\/\/endutrition.com\/wp-content\/uploads\/2025\/08\/IMG_3142-300x294.jpeg 300w, https:\/\/endutrition.com\/wp-content\/uploads\/2025\/08\/IMG_3142-1024x1004.jpeg 1024w, https:\/\/endutrition.com\/wp-content\/uploads\/2025\/08\/IMG_3142-768x753.jpeg 768w, https:\/\/endutrition.com\/wp-content\/uploads\/2025\/08\/IMG_3142-1536x1506.jpeg 1536w, https:\/\/endutrition.com\/wp-content\/uploads\/2025\/08\/IMG_3142-12x12.jpeg 12w, https:\/\/endutrition.com\/wp-content\/uploads\/2025\/08\/IMG_3142-600x588.jpeg 600w, https:\/\/endutrition.com\/wp-content\/uploads\/2025\/08\/IMG_3142.jpeg 1620w\" sizes=\"(max-width: 534px) 100vw, 534px\" \/><\/a><\/strong><\/p>\n<p>&nbsp;<\/p>\n<p><strong>Co mierzy<\/strong><\/p>\n<p>\u2022 Cz\u0119sto\u015b\u0107 oddechu, obj\u0119to\u015b\u0107 oddechowa (Tidal Volume), wentylacj\u0119 minutow\u0105 \u2013 dzi\u0119ki mi\u0119kkiemu czujnikowi tensometrycznemu (strain-gauge) w pasku na klatk\u0119 piersiow\u0105.<\/p>\n<p>\u2022 T\u0119tno \u2013 za pomoc\u0105 czujnika EKG jednokana\u0142owego.<\/p>\n<p>\u2022 Parametry ruchowe \u2013 kadencja, czas kontaktu z pod\u0142o\u017cem, \u201eplayer load\u201d, zmiany wysoko\u015bci \u2013 dzi\u0119ki wbudowanemu czujnikowi IMU.<\/p>\n<p><strong>\u00a0Dlaczego to wa\u017cne<\/strong><\/p>\n<p>\u2022 Umo\u017cliwia wykrycie prog\u00f3w wentylacyjnych VT1 i VT2 (kluczowych marker\u00f3w fizjologicznych) wy\u0142\u0105cznie na podstawie danych oddechowych \u2013 z dok\u0142adno\u015bci\u0105 ok. 95% w por\u00f3wnaniu do sprz\u0119tu laboratoryjnego.<\/p>\n<p>Pozwala na tworzenie stref treningowych opartych o oddech i jego cz\u0119stotliwo\u015b\u0107 w czasie rzeczywistym, powi\u0105zanych z rzeczywistym stanem metabolicznym \u2014 znacznie bardziej precyzyjnych ni\u017c samo t\u0119tno czy moc.<\/p>\n<p>Sprawdzona dok\u0142adno\u015b\u0107<\/p>\n<p>\u2022 Badania walidacyjne potwierdzi\u0142y 98,6% dok\u0142adno\u015bci w pomiarze cz\u0119sto\u015bci oddechu oraz 85\u201394% dok\u0142adno\u015bci obj\u0119to\u015bci i wentylacji<\/p>\n<p>\u2022 Badanie zewn\u0119trzne por\u00f3wnuj\u0105ce to urz\u0105dzenie z laboratoryjnymi w\u00f3zkami metabolicznymi wykaza\u0142o wysok\u0105 trafno\u015b\u0107 i wiarygodno\u015b\u0107 w wykrywaniu prog\u00f3w wentylacyjnych.<\/p>\n<p><strong>\u00a0Jak to dzia\u0142a?<\/strong><\/p>\n<p dir=\"auto\">1. Pasek VitalPro (ok. 299 USD) zawiera czujnik oddechu, EKG oraz modu\u0142 ruchu.<\/p>\n<p>2. \u0141\u0105czy si\u0119 przez Bluetooth z telefonem, Garminem, Apple Watch itd.<\/p>\n<p dir=\"auto\">3. Wykonuje wst\u0119pny test rampowy (~20\u201330 minut), aby stworzy\u0107 indywidualny profil metaboliczny, po czym \u015bledzi strefy treningowe w czasie rzeczywistym.<\/p>\n<p><strong>\u00a0U\u017cywany przez zawodowc\u00f3w<\/strong><\/p>\n<p>\u2022 Wykorzystywany przez zesp\u00f3\u0142 Team Visma\u2013Lease a Bike, nawet w trakcie wy\u015bcig\u00f3w (zatwierdzony przez UCI).<\/p>\n<p>\u2022 Uznany za urz\u0105dzenie \u201ctransformacyjne\u201d w \u015bwiecie sport\u00f3w wytrzyma\u0142o\u015bciowych.<\/p>\n<p><strong>\u00a0Podsumowanie<\/strong><\/p>\n<p>Tymewear to praktyczne, dok\u0142adne i przeno\u015bne narz\u0119dzie do pomiaru proces\u00f3w metabolicznych, kt\u00f3re wcze\u015bniej wymaga\u0142y sprz\u0119tu laboratoryjnego. Dla sportowc\u00f3w wytrzyma\u0142o\u015bciowych, trener\u00f3w i naukowc\u00f3w to ogromna szansa na:\n\n\u2022 trafne wyznaczanie stref treningowych,\n\n\u2022 monitorowanie adaptacji organizmu,\n\n\u2022 i optymalizacj\u0119 treningu \u2014 wszystko w warunkach terenowych.\n\n\ud83d\udee0\ufe0f Co dalej? Jak korzysta\u0107?\n\n1. \ud83d\udd2c Por\u00f3wnanie parametr\u00f3w z Tymewear z testami mleczanowymi (koszt, dok\u0142adno\u015b\u0107, praktyczno\u015b\u0107).\n\n2. \ud83d\udd27 Zintegrowa\u0107 Tymewear z Twoim systemem monitoringu treningu (np. TrainingPeaks, Final Surge, aplikacje klubowe)<\/p>","protected":false},"excerpt":{"rendered":"<p>&nbsp; What it measures \u2022 Breathing Rate, Tidal Volume, Minute Ventilation via a soft strain-gauge sensor in a chest strap . \u2022 Heart Rate using a single\u2011lead ECG strap . \u2022 Motion metrics: cadence, ground contact time, player load, elevation, through built\u2011in IMU . \u00a0Why it matters \u2022 Enables detection of VT1 and VT2 ventilatory [&hellip;]<\/p>","protected":false},"featured_media":2318,"comment_status":"open","ping_status":"closed","template":"","meta":{"slim_seo":{"title":"VitalPro Strap \u2013 Tyme Wear\u2122 - Endutrition","description":"&nbsp; What it measures \u2022 Breathing Rate, Tidal Volume, Minute Ventilation via a soft strain-gauge sensor in a chest strap . \u2022 Heart Rate using a single\u2011lead EC"}},"product_brand":[],"product_cat":[48],"product_tag":[],"class_list":{"0":"post-2314","1":"product","2":"type-product","3":"status-publish","4":"has-post-thumbnail","6":"product_cat-sport-and-physiology-devices","8":"first","9":"instock","10":"shipping-taxable","11":"purchasable","12":"product-type-simple"},"_links":{"self":[{"href":"https:\/\/endutrition.com\/pl\/wp-json\/wp\/v2\/product\/2314","targetHints":{"allow":["GET"]}}],"collection":[{"href":"https:\/\/endutrition.com\/pl\/wp-json\/wp\/v2\/product"}],"about":[{"href":"https:\/\/endutrition.com\/pl\/wp-json\/wp\/v2\/types\/product"}],"replies":[{"embeddable":true,"href":"https:\/\/endutrition.com\/pl\/wp-json\/wp\/v2\/comments?post=2314"}],"wp:featuredmedia":[{"embeddable":true,"href":"https:\/\/endutrition.com\/pl\/wp-json\/wp\/v2\/media\/2318"}],"wp:attachment":[{"href":"https:\/\/endutrition.com\/pl\/wp-json\/wp\/v2\/media?parent=2314"}],"wp:term":[{"taxonomy":"product_brand","embeddable":true,"href":"https:\/\/endutrition.com\/pl\/wp-json\/wp\/v2\/product_brand?post=2314"},{"taxonomy":"product_cat","embeddable":true,"href":"https:\/\/endutrition.com\/pl\/wp-json\/wp\/v2\/product_cat?post=2314"},{"taxonomy":"product_tag","embeddable":true,"href":"https:\/\/endutrition.com\/pl\/wp-json\/wp\/v2\/product_tag?post=2314"}],"curies":[{"name":"wp","href":"https:\/\/api.w.org\/{rel}","templated":true}]}}